{"id":12981,"date":"2026-03-18T11:07:23","date_gmt":"2026-03-18T04:07:23","guid":{"rendered":"https:\/\/fba.ntt.edu.vn\/?page_id=12981"},"modified":"2026-04-07T12:41:42","modified_gmt":"2026-04-07T05:41:42","slug":"scientific-research","status":"publish","type":"page","link":"https:\/\/fba.ntt.edu.vn\/en\/scientific-research\/","title":{"rendered":"Scientific Research"},"content":{"rendered":"<section class=\"section pb-0\" id=\"section_726146552\">\n\t\t<div class=\"bg section-bg fill bg-fill\" >\n\n\t\t\t\n\t\t\t\n\t\t\t\n\n\t\t<\/div>\n\n\t\t<div class=\"section-content relative\">\n\t\t\t\n<div class=\"row row-small\"  id=\"row-1661796479\">\n\n\t<div id=\"col-1217736134\" class=\"col pb-0 mh-col-intro-title medium-12 small-12 large-12\"  >\n\t\t\t\t<div class=\"col-inner dark\"  >\n\t\t\t\n\t\t\t\n\t<div class=\"ux-menu stack stack-col justify-start nav-breadcrumbs\">\n\t\t\n\t<div class=\"ux-menu-link flex menu-item hidden\">\n\t\t<a class=\"ux-menu-link__link flex\" href=\"https:\/\/fba.ntt.edu.vn\/en\/\"  >\n\t\t\t\t\t\t<span class=\"ux-menu-link__text\">\n\t\t\t\tKhoa Duoc\t\t\t<\/span>\n\t\t<\/a>\n\t<\/div>\n\t\n\t<div class=\"ux-menu-link flex menu-item hidden\">\n\t\t<a class=\"ux-menu-link__link flex\" href=\"https:\/\/fba.ntt.edu.vn\/en\/\"  >\n\t\t\t\t\t\t<span class=\"ux-menu-link__text\">\n\t\t\t\tNguyen Tat Thanh University\t\t\t<\/span>\n\t\t<\/a>\n\t<\/div>\n\t\n\t<\/div>\n\t\n\t<div id=\"gap-1437283835\" class=\"gap-element clearfix hidden\" style=\"display:block; height:auto;\">\n\t\t\n<style>\n#gap-1437283835 {\n  padding-top: 15px;\n}\n@media (min-width:850px) {\n  #gap-1437283835 {\n    padding-top: 30px;\n  }\n}\n<\/style>\n\t<\/div>\n\t\n\t<div id=\"text-3930418435\" class=\"text mh-title-box\">\n\t\t\n<h1>Scientific Research<\/h1>\n<p>\n\t\t\t<\/div>\n\t\n<div class=\"is-divider divider clearfix\" style=\"margin-top:0.8em;margin-bottom:0.8em;max-width:170px;background-color:rgb(255, 255, 255);\"><\/div>\n\t\t<\/div>\n\t\t\t\t\t<\/div>\n\n\t\n<\/div>\n\t<div id=\"gap-1838659360\" class=\"gap-element clearfix\" style=\"display:block; height:auto;\">\n\t\t\n<style>\n#gap-1838659360 {\n  padding-top: 25px;\n}\n@media (min-width:550px) {\n  #gap-1838659360 {\n    padding-top: 40px;\n  }\n}\n@media (min-width:850px) {\n  #gap-1838659360 {\n    padding-top: 80px;\n  }\n}\n<\/style>\n\t<\/div>\n\t\n\t\t<\/div>\n\n\t\t\n<style>\n#section_726146552 {\n  padding-top: 40px;\n  padding-bottom: 40px;\n}\n#section_726146552 .section-bg.bg-loaded {\n  background-image: url(https:\/\/fba.ntt.edu.vn\/wp-content\/uploads\/2021\/07\/bg-introduce.jpg);\n}\n@media (min-width:550px) {\n  #section_726146552 {\n    padding-top: 50px;\n    padding-bottom: 50px;\n  }\n}\n@media (min-width:850px) {\n  #section_726146552 {\n    padding-top: 70px;\n    padding-bottom: 70px;\n  }\n}\n<\/style>\n\t<\/section>\n\t\n\n\t<section class=\"section pb-0\" id=\"section_934643153\">\n\t\t<div class=\"bg section-bg fill bg-fill\" >\n\n\t\t\t\n\t\t\t\n\t\t\t\n\n\t\t<\/div>\n\n\t\t<div class=\"section-content relative\">\n\t\t\t\n<div class=\"row row-small\"  id=\"row-2103632192\">\n\n\t<div id=\"col-396596848\" class=\"col pb-0 medium-12 small-12 large-12\"  >\n\t\t\t\t<div class=\"col-inner dark\"  >\n\t\t\t\n\t\t\t\n\t<div class=\"ux-menu stack stack-col justify-start nav-breadcrumbs\">\n\t\t\n\t<div class=\"ux-menu-link flex menu-item hidden\">\n\t\t<a class=\"ux-menu-link__link flex\" href=\"https:\/\/fba.ntt.edu.vn\/en\/\"  >\n\t\t\t\t\t\t<span class=\"ux-menu-link__text\">\n\t\t\t\tKhoa Duoc\t\t\t<\/span>\n\t\t<\/a>\n\t<\/div>\n\t\n\t<div class=\"ux-menu-link flex menu-item hidden\">\n\t\t<a class=\"ux-menu-link__link flex\" href=\"https:\/\/fba.ntt.edu.vn\/en\/\"  >\n\t\t\t\t\t\t<span class=\"ux-menu-link__text\">\n\t\t\t\tNguyen Tat Thanh University\t\t\t<\/span>\n\t\t<\/a>\n\t<\/div>\n\t\n\t<\/div>\n\t\n\t<div id=\"gap-1173275659\" class=\"gap-element clearfix hidden\" style=\"display:block; height:auto;\">\n\t\t\n<style>\n#gap-1173275659 {\n  padding-top: 15px;\n}\n@media (min-width:850px) {\n  #gap-1173275659 {\n    padding-top: 35px;\n  }\n}\n<\/style>\n\t<\/div>\n\t\n\t<div id=\"text-2826656432\" class=\"text mh-title-box\">\n\t\t\n<h4>Lecturer<\/h4>\n<p><a href=\"\/en\/chuyen-muc\/nckh\/\">Xem th\u00eam<\/a><\/p>\n<p>\n\t\t\t<\/div>\n\t\n\t<div id=\"gap-1011131298\" class=\"gap-element clearfix\" style=\"display:block; height:auto;\">\n\t\t\n<style>\n#gap-1011131298 {\n  padding-top: 25px;\n}\n@media (min-width:550px) {\n  #gap-1011131298 {\n    padding-top: 25px;\n  }\n}\n@media (min-width:850px) {\n  #gap-1011131298 {\n    padding-top: 30px;\n  }\n}\n<\/style>\n\t<\/div>\n\t\n\n  \n    <div class=\"row mh-col-no-divider mh-box-news large-columns-3 medium-columns-2 small-columns-1 slider row-slider slider-nav-simple slider-nav-outside slider-nav-push\"  data-flickity-options='{\"imagesLoaded\": true, \"groupCells\": \"100%\", \"dragThreshold\" : 5, \"cellAlign\": \"left\",\"wrapAround\": true,\"prevNextButtons\": true,\"percentPosition\": true,\"pageDots\": false, \"rightToLeft\": false, \"autoPlay\" : false}'>\n\n  <\/div>\n\t\t<\/div>\n\t\t\t\t\t<\/div>\n\n\t\n<\/div>\n\t<div id=\"gap-1928568477\" class=\"gap-element clearfix\" style=\"display:block; height:auto;\">\n\t\t\n<style>\n#gap-1928568477 {\n  padding-top: 20px;\n}\n@media (min-width:550px) {\n  #gap-1928568477 {\n    padding-top: 30px;\n  }\n}\n@media (min-width:850px) {\n  #gap-1928568477 {\n    padding-top: 40px;\n  }\n}\n<\/style>\n\t<\/div>\n\t\n\t\t<\/div>\n\n\t\t\n<style>\n#section_934643153 {\n  padding-top: 40px;\n  padding-bottom: 40px;\n}\n#section_934643153 .section-bg.bg-loaded {\n  background-image: url(https:\/\/fba.ntt.edu.vn\/wp-content\/uploads\/2021\/07\/bg-news.jpg);\n}\n@media (min-width:550px) {\n  #section_934643153 {\n    padding-top: 50px;\n    padding-bottom: 50px;\n  }\n}\n@media (min-width:850px) {\n  #section_934643153 {\n    padding-top: 70px;\n    padding-bottom: 70px;\n  }\n}\n<\/style>\n\t<\/section>\n\t\n\t<section class=\"section pb-0\" id=\"section_1000345469\">\n\t\t<div class=\"bg section-bg fill bg-fill  bg-loaded\" >\n\n\t\t\t\n\t\t\t\n\t\t\t\n\n\t\t<\/div>\n\n\t\t<div class=\"section-content relative\">\n\t\t\t\n<div class=\"row row-small\"  id=\"row-1402293829\">\n\n\t<div id=\"col-1912924705\" class=\"col pb-0 medium-12 small-12 large-12\"  >\n\t\t\t\t<div class=\"col-inner\"  >\n\t\t\t\n\t\t\t\n\t<div class=\"ux-menu stack stack-col justify-start nav-breadcrumbs\">\n\t\t\n\t<div class=\"ux-menu-link flex menu-item hidden\">\n\t\t<a class=\"ux-menu-link__link flex\" href=\"https:\/\/fba.ntt.edu.vn\/en\/\"  >\n\t\t\t\t\t\t<span class=\"ux-menu-link__text\">\n\t\t\t\tKhoa Duoc\t\t\t<\/span>\n\t\t<\/a>\n\t<\/div>\n\t\n\t<div class=\"ux-menu-link flex menu-item hidden\">\n\t\t<a class=\"ux-menu-link__link flex\" href=\"https:\/\/fba.ntt.edu.vn\/en\/\"  >\n\t\t\t\t\t\t<span class=\"ux-menu-link__text\">\n\t\t\t\tNguyen Tat Thanh University\t\t\t<\/span>\n\t\t<\/a>\n\t<\/div>\n\t\n\t<\/div>\n\t\n\t<div id=\"gap-872678870\" class=\"gap-element clearfix hidden\" style=\"display:block; height:auto;\">\n\t\t\n<style>\n#gap-872678870 {\n  padding-top: 15px;\n}\n@media (min-width:850px) {\n  #gap-872678870 {\n    padding-top: 45px;\n  }\n}\n<\/style>\n\t<\/div>\n\t\n\t<div id=\"text-4206950116\" class=\"text mh-title-box\">\n\t\t\n<h4>Student<\/h4>\n<p><a href=\"\/en\/sinh-vien-nckh\/\">Xem th\u00eam<\/a><\/p>\n<p>\n\t\t\t<\/div>\n\t\n\t<div id=\"gap-1127871839\" class=\"gap-element clearfix\" style=\"display:block; height:auto;\">\n\t\t\n<style>\n#gap-1127871839 {\n  padding-top: 25px;\n}\n@media (min-width:550px) {\n  #gap-1127871839 {\n    padding-top: 35px;\n  }\n}\n@media (min-width:850px) {\n  #gap-1127871839 {\n    padding-top: 30px;\n  }\n}\n<\/style>\n\t<\/div>\n\t\n    <div class=\"slider-nav-bottom relative\">\n      <div class=\"row row-normal large-columns-3 medium-columns-2 small-columns-1 slider-blog dark-mode\">\n                  <div class=\"col post-item\">\n            <div class=\"col-inner\">\n              <a href=\"https:\/\/fba.ntt.edu.vn\/en\/sinh-vien\/tu-zero-den-hero-sinh-vien-khoa-quan-tri-kinh-doanh-nttu-thu-suc-xay-dung-thuong-hieu-tai-go-global-2025\/\">\n                <div class=\"box box-shade dark box-text-bottom box-blog-post has-hover mh-box-blog-event\">\n                  <div class=\"box-image\">\n                    <div class=\"image-cover\" style=\"padding-top: 125%;\">\n                                              <img loading=\"lazy\" decoding=\"async\" width=\"2048\" height=\"1365\" src=\"https:\/\/fba.ntt.edu.vn\/wp-content\/uploads\/2025\/12\/Tu-zero-den-hero-Sinh-vien-Khoa-Quan-tri-Kinh-doanh-NTTU-thu-suc-xay-dung-thuong-hieu-tai-GO-GLOBAL-2025.webp\" class=\"attachment-full size-full wp-post-image\" alt=\"\" srcset=\"https:\/\/fba.ntt.edu.vn\/wp-content\/uploads\/2025\/12\/Tu-zero-den-hero-Sinh-vien-Khoa-Quan-tri-Kinh-doanh-NTTU-thu-suc-xay-dung-thuong-hieu-tai-GO-GLOBAL-2025.webp 2048w, https:\/\/fba.ntt.edu.vn\/wp-content\/uploads\/2025\/12\/Tu-zero-den-hero-Sinh-vien-Khoa-Quan-tri-Kinh-doanh-NTTU-thu-suc-xay-dung-thuong-hieu-tai-GO-GLOBAL-2025-500x333.webp 500w, https:\/\/fba.ntt.edu.vn\/wp-content\/uploads\/2025\/12\/Tu-zero-den-hero-Sinh-vien-Khoa-Quan-tri-Kinh-doanh-NTTU-thu-suc-xay-dung-thuong-hieu-tai-GO-GLOBAL-2025-768x512.webp 768w, https:\/\/fba.ntt.edu.vn\/wp-content\/uploads\/2025\/12\/Tu-zero-den-hero-Sinh-vien-Khoa-Quan-tri-Kinh-doanh-NTTU-thu-suc-xay-dung-thuong-hieu-tai-GO-GLOBAL-2025-1536x1024.webp 1536w\" sizes=\"auto, (max-width: 2048px) 100vw, 2048px\" \/>                                          <\/div>\n                  <\/div>\n                  <div class=\"box-text text-left\">\n                    <div class=\"box-text-inner blog-post-inner\">\n                      <h5 class=\"post-title is-large\">\n                        T\u1eeb zero \u0111\u1ebfn hero: Sinh vi\u00ean Khoa Qu\u1ea3n tr\u1ecb Kinh doanh NTTU th\u1eed s\u1ee9c x\u00e2y d\u1ef1ng th\u01b0\u01a1ng hi\u1ec7u t\u1ea1i GO GLOBAL 2025                      <\/h5>\n                      <p class=\"uppercase faculty\">Khoa QTKD<\/p>                      <p class=\"post-meta uppercase\">\n                        30\/12\/2025                      <\/p>\n                    <\/div>\n                  <\/div>\n                  <div class=\"badge absolute top post-date badge-square\">\n                    <div class=\"badge-inner\">\n                      <span class=\"post-date-day\">30<\/span>\n                      <span class=\"post-date-month uppercase\">Th\u00e1ng 12<\/span>\n                    <\/div>\n                  <\/div>\n                <\/div>\n              <\/a>\n            <\/div>\n          <\/div>\n                  <div class=\"col post-item\">\n            <div class=\"col-inner\">\n              <a href=\"https:\/\/fba.ntt.edu.vn\/en\/sinh-vien\/sinh-vien-nttu-dat-giai-nhi-tai-cuoc-thi-2025-international-generative-ai-innovation-application-competition\/\">\n                <div class=\"box box-shade dark box-text-bottom box-blog-post has-hover mh-box-blog-event\">\n                  <div class=\"box-image\">\n                    <div class=\"image-cover\" style=\"padding-top: 125%;\">\n                                              <img loading=\"lazy\" decoding=\"async\" width=\"883\" height=\"841\" src=\"https:\/\/fba.ntt.edu.vn\/wp-content\/uploads\/2025\/12\/Sinh-vien-NTTU-dat-giai-Nhi-tai-Cuoc-thi-2025-International-Generative-AI-Innovation-Application-Competition.webp\" class=\"attachment-full size-full wp-post-image\" alt=\"\" srcset=\"https:\/\/fba.ntt.edu.vn\/wp-content\/uploads\/2025\/12\/Sinh-vien-NTTU-dat-giai-Nhi-tai-Cuoc-thi-2025-International-Generative-AI-Innovation-Application-Competition.webp 883w, https:\/\/fba.ntt.edu.vn\/wp-content\/uploads\/2025\/12\/Sinh-vien-NTTU-dat-giai-Nhi-tai-Cuoc-thi-2025-International-Generative-AI-Innovation-Application-Competition-367x350.webp 367w, https:\/\/fba.ntt.edu.vn\/wp-content\/uploads\/2025\/12\/Sinh-vien-NTTU-dat-giai-Nhi-tai-Cuoc-thi-2025-International-Generative-AI-Innovation-Application-Competition-768x731.webp 768w\" sizes=\"auto, (max-width: 883px) 100vw, 883px\" \/>                                          <\/div>\n                  <\/div>\n                  <div class=\"box-text text-left\">\n                    <div class=\"box-text-inner blog-post-inner\">\n                      <h5 class=\"post-title is-large\">\n                        Sinh vi\u00ean NTTU \u0111\u1ea1t gi\u1ea3i Nh\u00ec t\u1ea1i Cu\u1ed9c thi \u201c2025 International Generative AI Innovation Application Competition\u201d                      <\/h5>\n                                            <p class=\"post-meta uppercase\">\n                        22\/12\/2025                      <\/p>\n                    <\/div>\n                  <\/div>\n                  <div class=\"badge absolute top post-date badge-square\">\n                    <div class=\"badge-inner\">\n                      <span class=\"post-date-day\">22<\/span>\n                      <span class=\"post-date-month uppercase\">Th\u00e1ng 12<\/span>\n                    <\/div>\n                  <\/div>\n                <\/div>\n              <\/a>\n            <\/div>\n          <\/div>\n                  <div class=\"col post-item\">\n            <div class=\"col-inner\">\n              <a href=\"https:\/\/fba.ntt.edu.vn\/en\/sinh-vien\/cu-dup-giai-thuong-cua-sinh-vien-nttu-tai-cuoc-thi-rd-to-start-up-2025\/\">\n                <div class=\"box box-shade dark box-text-bottom box-blog-post has-hover mh-box-blog-event\">\n                  <div class=\"box-image\">\n                    <div class=\"image-cover\" style=\"padding-top: 125%;\">\n                                              <img loading=\"lazy\" decoding=\"async\" width=\"1536\" height=\"1152\" src=\"https:\/\/fba.ntt.edu.vn\/wp-content\/uploads\/2025\/12\/Cu-dup-giai-thuong-cua-sinh-vien-NTTU-tai-cuoc-thi-RD-to-Start-up-2025.webp\" class=\"attachment-full size-full wp-post-image\" alt=\"\" srcset=\"https:\/\/fba.ntt.edu.vn\/wp-content\/uploads\/2025\/12\/Cu-dup-giai-thuong-cua-sinh-vien-NTTU-tai-cuoc-thi-RD-to-Start-up-2025.webp 1536w, https:\/\/fba.ntt.edu.vn\/wp-content\/uploads\/2025\/12\/Cu-dup-giai-thuong-cua-sinh-vien-NTTU-tai-cuoc-thi-RD-to-Start-up-2025-467x350.webp 467w, https:\/\/fba.ntt.edu.vn\/wp-content\/uploads\/2025\/12\/Cu-dup-giai-thuong-cua-sinh-vien-NTTU-tai-cuoc-thi-RD-to-Start-up-2025-768x576.webp 768w\" sizes=\"auto, (max-width: 1536px) 100vw, 1536px\" \/>                                          <\/div>\n                  <\/div>\n                  <div class=\"box-text text-left\">\n                    <div class=\"box-text-inner blog-post-inner\">\n                      <h5 class=\"post-title is-large\">\n                        \u201cC\u00fa \u0111\u00fap\u201d gi\u1ea3i th\u01b0\u1edfng c\u1ee7a sinh vi\u00ean NTTU t\u1ea1i cu\u1ed9c thi R&#038;D to Start-up 2025                      <\/h5>\n                                            <p class=\"post-meta uppercase\">\n                        22\/12\/2025                      <\/p>\n                    <\/div>\n                  <\/div>\n                  <div class=\"badge absolute top post-date badge-square\">\n                    <div class=\"badge-inner\">\n                      <span class=\"post-date-day\">22<\/span>\n                      <span class=\"post-date-month uppercase\">Th\u00e1ng 12<\/span>\n                    <\/div>\n                  <\/div>\n                <\/div>\n              <\/a>\n            <\/div>\n          <\/div>\n                  <div class=\"col post-item\">\n            <div class=\"col-inner\">\n              <a href=\"https:\/\/fba.ntt.edu.vn\/en\/sinh-vien\/du-an-green-choice-cua-nttu-xuat-sac-dat-giai-nhat-tai-startup-flight-2025\/\">\n                <div class=\"box box-shade dark box-text-bottom box-blog-post has-hover mh-box-blog-event\">\n                  <div class=\"box-image\">\n                    <div class=\"image-cover\" style=\"padding-top: 125%;\">\n                                              <img loading=\"lazy\" decoding=\"async\" width=\"1536\" height=\"1024\" src=\"https:\/\/fba.ntt.edu.vn\/wp-content\/uploads\/2025\/12\/Du-an-Green-Choice-cua-NTTU-xuat-sac-dat-giai-nhat-tai-Startup-Flight-2025.webp\" class=\"attachment-full size-full wp-post-image\" alt=\"\" srcset=\"https:\/\/fba.ntt.edu.vn\/wp-content\/uploads\/2025\/12\/Du-an-Green-Choice-cua-NTTU-xuat-sac-dat-giai-nhat-tai-Startup-Flight-2025.webp 1536w, https:\/\/fba.ntt.edu.vn\/wp-content\/uploads\/2025\/12\/Du-an-Green-Choice-cua-NTTU-xuat-sac-dat-giai-nhat-tai-Startup-Flight-2025-500x333.webp 500w, https:\/\/fba.ntt.edu.vn\/wp-content\/uploads\/2025\/12\/Du-an-Green-Choice-cua-NTTU-xuat-sac-dat-giai-nhat-tai-Startup-Flight-2025-768x512.webp 768w\" sizes=\"auto, (max-width: 1536px) 100vw, 1536px\" \/>                                          <\/div>\n                  <\/div>\n                  <div class=\"box-text text-left\">\n                    <div class=\"box-text-inner blog-post-inner\">\n                      <h5 class=\"post-title is-large\">\n                        D\u1ef1 \u00e1n Green Choice c\u1ee7a NTTU xu\u1ea5t s\u1eafc \u0111\u1ea1t gi\u1ea3i nh\u1ea5t t\u1ea1i Startup Flight 2025                      <\/h5>\n                                            <p class=\"post-meta uppercase\">\n                        19\/12\/2025                      <\/p>\n                    <\/div>\n                  <\/div>\n                  <div class=\"badge absolute top post-date badge-square\">\n                    <div class=\"badge-inner\">\n                      <span class=\"post-date-day\">19<\/span>\n                      <span class=\"post-date-month uppercase\">Th\u00e1ng 12<\/span>\n                    <\/div>\n                  <\/div>\n                <\/div>\n              <\/a>\n            <\/div>\n          <\/div>\n              <\/div>\n\t\t\t      <div class=\"divided-slider absolute\"><\/div>\n      <p class=\"gallery-status blog-status mb-0 absolute\"><\/p>\n    <\/div>\n    <script>\n\t    jQuery(document).ready(function ($) {\n\t      \/\/ Slide count\n\t      var $slider_blog = $('.slider-blog').flickity({\n\t        \/\/ options\n\t        cellAlign: 'left',\n\t        contain: true,\n\t        wrapAround: true,\n\t        pauseAutoPlayOnHover: true,\n\t        prevNextButtons: true,\n\t        pageDots: false,\n\t        autoPlay: true,\n\t        autoPlay: 5000,\n\t\t\t\t\t\/\/ groupCells: true,\n\t\t\t\t\t\/\/ groupCells: 2\n\t      });\n\t      var $blogStatus = $('.blog-status');\n\t      var flkty = $slider_blog.data('flickity');\n\n\t      function update_blog_Status() {\n\t        var cellNumber = flkty.selectedIndex + 1;\n\t        $blogStatus.text( cellNumber + '\/' + flkty.slides.length );\n\t      }\n\t      update_blog_Status();\n\t      $slider_blog.on( 'select.flickity', update_blog_Status );\n\t    });\n    <\/script>\n  \n\t\t<\/div>\n\t\t\t\t\t<\/div>\n\n\t\n<\/div>\n\t<div id=\"gap-125821836\" class=\"gap-element clearfix\" style=\"display:block; height:auto;\">\n\t\t\n<style>\n#gap-125821836 {\n  padding-top: 110px;\n}\n@media (min-width:550px) {\n  #gap-125821836 {\n    padding-top: 120px;\n  }\n}\n@media (min-width:850px) {\n  #gap-125821836 {\n    padding-top: 250px;\n  }\n}\n<\/style>\n\t<\/div>\n\t\n\t\t<\/div>\n\n\t\t\n<style>\n#section_1000345469 {\n  padding-top: 40px;\n  padding-bottom: 40px;\n}\n@media (min-width:550px) {\n  #section_1000345469 {\n    padding-top: 50px;\n    padding-bottom: 50px;\n  }\n}\n@media (min-width:850px) {\n  #section_1000345469 {\n    padding-top: 70px;\n    padding-bottom: 70px;\n  }\n}\n<\/style>\n\t<\/section>","protected":false},"excerpt":{"rendered":"","protected":false},"author":151,"featured_media":0,"parent":0,"menu_order":0,"comment_status":"closed","ping_status":"closed","template":"page-blank.php","meta":{"footnotes":""},"class_list":["post-12981","page","type-page","status-publish","hentry"],"yoast_head":"<!-- This site is optimized with the Yoast SEO plugin v26.6 - https:\/\/yoast.com\/wordpress\/plugins\/seo\/ -->\n<title>Scientific Research - Faculty of Business Administration<\/title>\n<meta name=\"robots\" content=\"index, follow, max-snippet:-1, max-image-preview:large, max-video-preview:-1\" \/>\n<link rel=\"canonical\" href=\"https:\/\/fba.ntt.edu.vn\/en\/scientific-research\/\" \/>\n<meta property=\"og:locale\" content=\"en_US\" \/>\n<meta property=\"og:type\" content=\"article\" \/>\n<meta property=\"og:title\" content=\"Scientific Research - Faculty of Business Administration\" \/>\n<meta property=\"og:url\" content=\"https:\/\/fba.ntt.edu.vn\/en\/scientific-research\/\" \/>\n<meta property=\"og:site_name\" content=\"Faculty of Business Administration\" \/>\n<meta property=\"article:modified_time\" content=\"2026-04-07T05:41:42+00:00\" \/>\n<meta name=\"twitter:card\" content=\"summary_large_image\" \/>\n<meta name=\"twitter:label1\" content=\"Est. reading time\" \/>\n\t<meta name=\"twitter:data1\" content=\"2 minutes\" \/>\n<script type=\"application\/ld+json\" class=\"yoast-schema-graph\">{\"@context\":\"https:\/\/schema.org\",\"@graph\":[{\"@type\":\"WebPage\",\"@id\":\"https:\/\/fba.ntt.edu.vn\/en\/scientific-research\/\",\"url\":\"https:\/\/fba.ntt.edu.vn\/en\/scientific-research\/\",\"name\":\"Scientific Research - Faculty of Business Administration\",\"isPartOf\":{\"@id\":\"https:\/\/fba.ntt.edu.vn\/en\/#website\"},\"datePublished\":\"2026-03-18T04:07:23+00:00\",\"dateModified\":\"2026-04-07T05:41:42+00:00\",\"breadcrumb\":{\"@id\":\"https:\/\/fba.ntt.edu.vn\/en\/scientific-research\/#breadcrumb\"},\"inLanguage\":\"en-US\",\"potentialAction\":[{\"@type\":\"ReadAction\",\"target\":[\"https:\/\/fba.ntt.edu.vn\/en\/scientific-research\/\"]}]},{\"@type\":\"BreadcrumbList\",\"@id\":\"https:\/\/fba.ntt.edu.vn\/en\/scientific-research\/#breadcrumb\",\"itemListElement\":[{\"@type\":\"ListItem\",\"position\":1,\"name\":\"Home\",\"item\":\"https:\/\/fba.ntt.edu.vn\/en\/trang-chu-english\/\"},{\"@type\":\"ListItem\",\"position\":2,\"name\":\"Scientific Research\"}]},{\"@type\":\"WebSite\",\"@id\":\"https:\/\/fba.ntt.edu.vn\/en\/#website\",\"url\":\"https:\/\/fba.ntt.edu.vn\/en\/\",\"name\":\"Faculty of Business Administration\",\"description\":\"\",\"potentialAction\":[{\"@type\":\"SearchAction\",\"target\":{\"@type\":\"EntryPoint\",\"urlTemplate\":\"https:\/\/fba.ntt.edu.vn\/en\/?s={search_term_string}\"},\"query-input\":{\"@type\":\"PropertyValueSpecification\",\"valueRequired\":true,\"valueName\":\"search_term_string\"}}],\"inLanguage\":\"en-US\"}]}<\/script>\n<!-- \/ Yoast SEO plugin. -->","yoast_head_json":{"title":"Scientific Research - Faculty of Business Administration","robots":{"index":"index","follow":"follow","max-snippet":"max-snippet:-1","max-image-preview":"max-image-preview:large","max-video-preview":"max-video-preview:-1"},"canonical":"https:\/\/fba.ntt.edu.vn\/en\/scientific-research\/","og_locale":"en_US","og_type":"article","og_title":"Scientific Research - Faculty of Business Administration","og_url":"https:\/\/fba.ntt.edu.vn\/en\/scientific-research\/","og_site_name":"Faculty of Business Administration","article_modified_time":"2026-04-07T05:41:42+00:00","twitter_card":"summary_large_image","twitter_misc":{"Est. reading time":"2 minutes"},"schema":{"@context":"https:\/\/schema.org","@graph":[{"@type":"WebPage","@id":"https:\/\/fba.ntt.edu.vn\/en\/scientific-research\/","url":"https:\/\/fba.ntt.edu.vn\/en\/scientific-research\/","name":"Scientific Research - Faculty of Business Administration","isPartOf":{"@id":"https:\/\/fba.ntt.edu.vn\/en\/#website"},"datePublished":"2026-03-18T04:07:23+00:00","dateModified":"2026-04-07T05:41:42+00:00","breadcrumb":{"@id":"https:\/\/fba.ntt.edu.vn\/en\/scientific-research\/#breadcrumb"},"inLanguage":"en-US","potentialAction":[{"@type":"ReadAction","target":["https:\/\/fba.ntt.edu.vn\/en\/scientific-research\/"]}]},{"@type":"BreadcrumbList","@id":"https:\/\/fba.ntt.edu.vn\/en\/scientific-research\/#breadcrumb","itemListElement":[{"@type":"ListItem","position":1,"name":"Home","item":"https:\/\/fba.ntt.edu.vn\/en\/trang-chu-english\/"},{"@type":"ListItem","position":2,"name":"Scientific Research"}]},{"@type":"WebSite","@id":"https:\/\/fba.ntt.edu.vn\/en\/#website","url":"https:\/\/fba.ntt.edu.vn\/en\/","name":"Faculty of Business Administration","description":"","potentialAction":[{"@type":"SearchAction","target":{"@type":"EntryPoint","urlTemplate":"https:\/\/fba.ntt.edu.vn\/en\/?s={search_term_string}"},"query-input":{"@type":"PropertyValueSpecification","valueRequired":true,"valueName":"search_term_string"}}],"inLanguage":"en-US"}]}},"_links":{"self":[{"href":"https:\/\/fba.ntt.edu.vn\/en\/wp-json\/wp\/v2\/pages\/12981","targetHints":{"allow":["GET"]}}],"collection":[{"href":"https:\/\/fba.ntt.edu.vn\/en\/wp-json\/wp\/v2\/pages"}],"about":[{"href":"https:\/\/fba.ntt.edu.vn\/en\/wp-json\/wp\/v2\/types\/page"}],"author":[{"embeddable":true,"href":"https:\/\/fba.ntt.edu.vn\/en\/wp-json\/wp\/v2\/users\/151"}],"replies":[{"embeddable":true,"href":"https:\/\/fba.ntt.edu.vn\/en\/wp-json\/wp\/v2\/comments?post=12981"}],"version-history":[{"count":2,"href":"https:\/\/fba.ntt.edu.vn\/en\/wp-json\/wp\/v2\/pages\/12981\/revisions"}],"predecessor-version":[{"id":13532,"href":"https:\/\/fba.ntt.edu.vn\/en\/wp-json\/wp\/v2\/pages\/12981\/revisions\/13532"}],"wp:attachment":[{"href":"https:\/\/fba.ntt.edu.vn\/en\/wp-json\/wp\/v2\/media?parent=12981"}],"curies":[{"name":"wp","href":"https:\/\/api.w.org\/{rel}","templated":true}]}}