{"id":12959,"date":"2026-03-18T10:43:49","date_gmt":"2026-03-18T03:43:49","guid":{"rendered":"https:\/\/fba.ntt.edu.vn\/?page_id=12959"},"modified":"2026-03-18T10:43:49","modified_gmt":"2026-03-18T03:43:49","slug":"course-syllabus-of-mba","status":"publish","type":"page","link":"https:\/\/fba.ntt.edu.vn\/en\/course-syllabus-of-mba\/","title":{"rendered":"Course Syllabus of MBA"},"content":{"rendered":"<section class=\"section pb-0\" id=\"section_645786470\">\n\t\t<div class=\"bg section-bg fill bg-fill\" >\n\n\t\t\t\n\t\t\t\n\t\t\t\n\n\t\t<\/div>\n\n\t\t<div class=\"section-content relative\">\n\t\t\t\n<div class=\"row row-small\"  id=\"row-400815603\">\n\n\t<div id=\"col-185199947\" class=\"col pb-0 mh-col-intro-title medium-12 small-12 large-12\"  >\n\t\t\t\t<div class=\"col-inner dark\"  >\n\t\t\t\n\t\t\t\n\t<div id=\"gap-2099126417\" class=\"gap-element clearfix hidden\" style=\"display:block; height:auto;\">\n\t\t\n<style>\n#gap-2099126417 {\n  padding-top: 15px;\n}\n@media (min-width:850px) {\n  #gap-2099126417 {\n    padding-top: 30px;\n  }\n}\n<\/style>\n\t<\/div>\n\t\n\t<div id=\"text-583797460\" class=\"text mh-title-box\">\n\t\t\n<h1>Course Syllabus<\/h1>\n\t\t\t<\/div>\n\t\n<div class=\"is-divider divider clearfix\" style=\"margin-top:0.8em;margin-bottom:0.8em;max-width:170px;background-color:rgb(255, 255, 255);\"><\/div>\n\t<div id=\"gap-2046132045\" class=\"gap-element clearfix hidden\" style=\"display:block; height:auto;\">\n\t\t\n<style>\n#gap-2046132045 {\n  padding-top: 15px;\n}\n@media (min-width:850px) {\n  #gap-2046132045 {\n    padding-top: 40px;\n  }\n}\n<\/style>\n\t<\/div>\n\t\n\t<div id=\"text-1612653072\" class=\"text hidden\">\n\t\t\n<h1>Khoa Qu\u1ea3n tr\u1ecb kinh doanh \u0111\u00e0o t\u1ea1o 6 ng\u00e0nh ch\u00ednh:<\/h1>\n\t\t\t<\/div>\n\t\n\t<div id=\"gap-396656330\" class=\"gap-element clearfix hidden\" style=\"display:block; height:auto;\">\n\t\t\n<style>\n#gap-396656330 {\n  padding-top: 15px;\n}\n@media (min-width:850px) {\n  #gap-396656330 {\n    padding-top: 10px;\n  }\n}\n<\/style>\n\t<\/div>\n\t\n\t<div class=\"ux-menu stack stack-col justify-start list-training hidden\">\n\t\t\n\t<div class=\"ux-menu-link flex menu-item hidden\">\n\t\t<a class=\"ux-menu-link__link flex\" href=\"https:\/\/fba.ntt.edu.vn\/en\/\"  >\n\t\t\t\t\t\t<span class=\"ux-menu-link__text\">\n\t\t\t\tBusiness administration\t\t\t<\/span>\n\t\t<\/a>\n\t<\/div>\n\t\n\t<div class=\"ux-menu-link flex menu-item hidden\">\n\t\t<a class=\"ux-menu-link__link flex\" href=\"https:\/\/fba.ntt.edu.vn\/en\/\"  >\n\t\t\t\t\t\t<span class=\"ux-menu-link__text\">\n\t\t\t\tQu\u1ea3n tr\u1ecb ngu\u1ed3n nh\u00e2n l\u1ef1c\t\t\t<\/span>\n\t\t<\/a>\n\t<\/div>\n\t\n\t<div class=\"ux-menu-link flex menu-item hidden\">\n\t\t<a class=\"ux-menu-link__link flex\" href=\"https:\/\/fba.ntt.edu.vn\/en\/\"  >\n\t\t\t\t\t\t<span class=\"ux-menu-link__text\">\n\t\t\t\tQu\u1ea3n tr\u1ecb Marketing\t\t\t<\/span>\n\t\t<\/a>\n\t<\/div>\n\t\n\t<div class=\"ux-menu-link flex menu-item hidden\">\n\t\t<a class=\"ux-menu-link__link flex\" href=\"https:\/\/fba.ntt.edu.vn\/en\/\"  >\n\t\t\t\t\t\t<span class=\"ux-menu-link__text\">\n\t\t\t\tKinh doanh qu\u1ed1c t\u1ebf\t\t\t<\/span>\n\t\t<\/a>\n\t<\/div>\n\t\n\t<div class=\"ux-menu-link flex menu-item hidden\">\n\t\t<a class=\"ux-menu-link__link flex\" href=\"https:\/\/fba.ntt.edu.vn\/en\/\"  >\n\t\t\t\t\t\t<span class=\"ux-menu-link__text\">\n\t\t\t\tQu\u1ea3n tr\u1ecb Logistic v\u00e0 chu\u1ed7i cung \u1ee9ng\t\t\t<\/span>\n\t\t<\/a>\n\t<\/div>\n\t\n\t<div class=\"ux-menu-link flex menu-item hidden\">\n\t\t<a class=\"ux-menu-link__link flex\" href=\"https:\/\/fba.ntt.edu.vn\/en\/\"  >\n\t\t\t\t\t\t<span class=\"ux-menu-link__text\">\n\t\t\t\tE-commerce\t\t\t<\/span>\n\t\t<\/a>\n\t<\/div>\n\t\n\t<\/div>\n\t\n\t\t<\/div>\n\t\t\t\t\t<\/div>\n\n\t\n<\/div>\n\t<div id=\"gap-1113030626\" class=\"gap-element clearfix hidden\" style=\"display:block; height:auto;\">\n\t\t\n<style>\n#gap-1113030626 {\n  padding-top: 25px;\n}\n@media (min-width:550px) {\n  #gap-1113030626 {\n    padding-top: 40px;\n  }\n}\n@media (min-width:850px) {\n  #gap-1113030626 {\n    padding-top: 80px;\n  }\n}\n<\/style>\n\t<\/div>\n\t\n\t\t<\/div>\n\n\t\t\n<style>\n#section_645786470 {\n  padding-top: 40px;\n  padding-bottom: 40px;\n}\n#section_645786470 .section-bg.bg-loaded {\n  background-image: url(https:\/\/fba.ntt.edu.vn\/wp-content\/uploads\/2021\/08\/cover-banner.jpg);\n}\n@media (min-width:550px) {\n  #section_645786470 {\n    padding-top: 50px;\n    padding-bottom: 50px;\n  }\n}\n@media (min-width:850px) {\n  #section_645786470 {\n    padding-top: 70px;\n    padding-bottom: 70px;\n  }\n}\n<\/style>\n\t<\/section>\n\t\n\t<section class=\"section pb-0\" id=\"section_968500637\">\n\t\t<div class=\"bg section-bg fill bg-fill\" >\n\n\t\t\t\n\t\t\t\n\t\t\t\n\n\t\t<\/div>\n\n\t\t<div class=\"section-content relative\">\n\t\t\t\n<div class=\"row align-equal align-center\"  id=\"row-1278123398\">\n\n\t<div id=\"col-1557563550\" class=\"col pb-0 medium-12 small-12 large-12\"  >\n\t\t\t\t<div class=\"col-inner\"  >\n\t\t\t\n\t\t\t\n\t<div class=\"ux-menu stack stack-col justify-start nav-breadcrumbs hidden\">\n\t\t\n\t<\/div>\n\t\n<h4><a href=\"https:\/\/fba.ntt.edu.vn\/wp-content\/uploads\/2022\/07\/De-cuong-2018.pdf\" target=\"_blank\" rel=\"noopener\">\u0110\u1ec1 c\u01b0\u01a1ng n\u0103m 2018<\/a><\/h4>\n<h4><a href=\"https:\/\/fba.ntt.edu.vn\/wp-content\/uploads\/2022\/07\/QD-ban-hanh-DCCT-2020.pdf\" target=\"_blank\" rel=\"noopener\">Quy\u1ebft \u0111\u1ecbnh ban h\u00e0nh \u0110\u1ec1 c\u01b0\u01a1ng chi ti\u1ebft n\u0103m 2020<\/a><\/h4>\n<h4><a href=\"https:\/\/fba.ntt.edu.vn\/en\/de-cuong-nam-2020\/\" target=\"_blank\" rel=\"noopener\">\u0110\u1ec1 c\u01b0\u01a1ng chi ti\u1ebft c\u00e1c h\u1ecdc ph\u1ea7n kh\u00f3a 2020<\/a><\/h4>\n\t<div id=\"gap-1290748814\" class=\"gap-element clearfix hidden\" style=\"display:block; height:auto;\">\n\t\t\n<style>\n#gap-1290748814 {\n  padding-top: 15px;\n}\n@media (min-width:850px) {\n  #gap-1290748814 {\n    padding-top: 45px;\n  }\n}\n<\/style>\n\t<\/div>\n\t\n\t<div id=\"text-3437092345\" class=\"text mh-title-box hidden\">\n\t\t\n<h4>Chuy\u00ean ng\u00e0nh \u0111\u00e0o t\u1ea1o<\/h4>\n\t\t\t<\/div>\n\t\n\t\t<\/div>\n\t\t\t\t\n<style>\n#col-1557563550 > .col-inner {\n  padding: 0px 0px 30px 0px;\n}\n@media (min-width:850px) {\n  #col-1557563550 > .col-inner {\n    padding: 0px 0px 70px 0px;\n  }\n}\n<\/style>\n\t<\/div>\n\n\t\n\n\n\n\n\n\n\n<\/div>\n\t<div id=\"gap-714576984\" class=\"gap-element clearfix hidden\" style=\"display:block; height:auto;\">\n\t\t\n<style>\n#gap-714576984 {\n  padding-top: 15px;\n}\n@media (min-width:550px) {\n  #gap-714576984 {\n    padding-top: 35px;\n  }\n}\n@media (min-width:850px) {\n  #gap-714576984 {\n    padding-top: 80px;\n  }\n}\n<\/style>\n\t<\/div>\n\t\n\n\n\t<div id=\"gap-1146244154\" class=\"gap-element clearfix\" style=\"display:block; height:auto;\">\n\t\t\n<style>\n#gap-1146244154 {\n  padding-top: 10px;\n}\n@media (min-width:550px) {\n  #gap-1146244154 {\n    padding-top: 25px;\n  }\n}\n@media (min-width:850px) {\n  #gap-1146244154 {\n    padding-top: 170px;\n  }\n}\n<\/style>\n\t<\/div>\n\t\n\t\t<\/div>\n\n\t\t\n<style>\n#section_968500637 {\n  padding-top: 35px;\n  padding-bottom: 35px;\n}\n#section_968500637 .section-bg.bg-loaded {\n  background-image: url(https:\/\/fba.ntt.edu.vn\/wp-content\/uploads\/2021\/07\/bg-chuyen-nganh-dao-tao.png);\n}\n@media (min-width:550px) {\n  #section_968500637 {\n    padding-top: 50px;\n    padding-bottom: 50px;\n  }\n}\n@media (min-width:850px) {\n  #section_968500637 {\n    padding-top: 70px;\n    padding-bottom: 70px;\n  }\n}\n<\/style>\n\t<\/section>","protected":false},"excerpt":{"rendered":"","protected":false},"author":151,"featured_media":0,"parent":0,"menu_order":0,"comment_status":"closed","ping_status":"closed","template":"page-blank.php","meta":{"footnotes":""},"class_list":["post-12959","page","type-page","status-publish","hentry"],"yoast_head":"<!-- This site is optimized with the Yoast SEO plugin v26.6 - https:\/\/yoast.com\/wordpress\/plugins\/seo\/ -->\n<title>Course Syllabus of MBA - Faculty of Business Administration<\/title>\n<meta name=\"robots\" content=\"index, follow, max-snippet:-1, max-image-preview:large, max-video-preview:-1\" \/>\n<link rel=\"canonical\" href=\"https:\/\/fba.ntt.edu.vn\/en\/course-syllabus-of-mba\/\" \/>\n<meta property=\"og:locale\" content=\"en_US\" \/>\n<meta property=\"og:type\" content=\"article\" \/>\n<meta property=\"og:title\" content=\"Course Syllabus of MBA - Faculty of Business Administration\" \/>\n<meta property=\"og:url\" content=\"https:\/\/fba.ntt.edu.vn\/en\/course-syllabus-of-mba\/\" \/>\n<meta property=\"og:site_name\" content=\"Faculty of Business Administration\" \/>\n<meta name=\"twitter:card\" content=\"summary_large_image\" \/>\n<meta name=\"twitter:label1\" content=\"Est. reading time\" \/>\n\t<meta name=\"twitter:data1\" content=\"3 minutes\" \/>\n<script type=\"application\/ld+json\" class=\"yoast-schema-graph\">{\"@context\":\"https:\/\/schema.org\",\"@graph\":[{\"@type\":\"WebPage\",\"@id\":\"https:\/\/fba.ntt.edu.vn\/en\/course-syllabus-of-mba\/\",\"url\":\"https:\/\/fba.ntt.edu.vn\/en\/course-syllabus-of-mba\/\",\"name\":\"Course Syllabus of MBA - Faculty of Business Administration\",\"isPartOf\":{\"@id\":\"https:\/\/fba.ntt.edu.vn\/en\/#website\"},\"datePublished\":\"2026-03-18T03:43:49+00:00\",\"breadcrumb\":{\"@id\":\"https:\/\/fba.ntt.edu.vn\/en\/course-syllabus-of-mba\/#breadcrumb\"},\"inLanguage\":\"en-US\",\"potentialAction\":[{\"@type\":\"ReadAction\",\"target\":[\"https:\/\/fba.ntt.edu.vn\/en\/course-syllabus-of-mba\/\"]}]},{\"@type\":\"BreadcrumbList\",\"@id\":\"https:\/\/fba.ntt.edu.vn\/en\/course-syllabus-of-mba\/#breadcrumb\",\"itemListElement\":[{\"@type\":\"ListItem\",\"position\":1,\"name\":\"Home\",\"item\":\"https:\/\/fba.ntt.edu.vn\/en\/trang-chu-english\/\"},{\"@type\":\"ListItem\",\"position\":2,\"name\":\"Course Syllabus of MBA\"}]},{\"@type\":\"WebSite\",\"@id\":\"https:\/\/fba.ntt.edu.vn\/en\/#website\",\"url\":\"https:\/\/fba.ntt.edu.vn\/en\/\",\"name\":\"Faculty of Business Administration\",\"description\":\"\",\"potentialAction\":[{\"@type\":\"SearchAction\",\"target\":{\"@type\":\"EntryPoint\",\"urlTemplate\":\"https:\/\/fba.ntt.edu.vn\/en\/?s={search_term_string}\"},\"query-input\":{\"@type\":\"PropertyValueSpecification\",\"valueRequired\":true,\"valueName\":\"search_term_string\"}}],\"inLanguage\":\"en-US\"}]}<\/script>\n<!-- \/ Yoast SEO plugin. -->","yoast_head_json":{"title":"Course Syllabus of MBA - Faculty of Business Administration","robots":{"index":"index","follow":"follow","max-snippet":"max-snippet:-1","max-image-preview":"max-image-preview:large","max-video-preview":"max-video-preview:-1"},"canonical":"https:\/\/fba.ntt.edu.vn\/en\/course-syllabus-of-mba\/","og_locale":"en_US","og_type":"article","og_title":"Course Syllabus of MBA - Faculty of Business Administration","og_url":"https:\/\/fba.ntt.edu.vn\/en\/course-syllabus-of-mba\/","og_site_name":"Faculty of Business Administration","twitter_card":"summary_large_image","twitter_misc":{"Est. reading time":"3 minutes"},"schema":{"@context":"https:\/\/schema.org","@graph":[{"@type":"WebPage","@id":"https:\/\/fba.ntt.edu.vn\/en\/course-syllabus-of-mba\/","url":"https:\/\/fba.ntt.edu.vn\/en\/course-syllabus-of-mba\/","name":"Course Syllabus of MBA - Faculty of Business Administration","isPartOf":{"@id":"https:\/\/fba.ntt.edu.vn\/en\/#website"},"datePublished":"2026-03-18T03:43:49+00:00","breadcrumb":{"@id":"https:\/\/fba.ntt.edu.vn\/en\/course-syllabus-of-mba\/#breadcrumb"},"inLanguage":"en-US","potentialAction":[{"@type":"ReadAction","target":["https:\/\/fba.ntt.edu.vn\/en\/course-syllabus-of-mba\/"]}]},{"@type":"BreadcrumbList","@id":"https:\/\/fba.ntt.edu.vn\/en\/course-syllabus-of-mba\/#breadcrumb","itemListElement":[{"@type":"ListItem","position":1,"name":"Home","item":"https:\/\/fba.ntt.edu.vn\/en\/trang-chu-english\/"},{"@type":"ListItem","position":2,"name":"Course Syllabus of MBA"}]},{"@type":"WebSite","@id":"https:\/\/fba.ntt.edu.vn\/en\/#website","url":"https:\/\/fba.ntt.edu.vn\/en\/","name":"Faculty of Business Administration","description":"","potentialAction":[{"@type":"SearchAction","target":{"@type":"EntryPoint","urlTemplate":"https:\/\/fba.ntt.edu.vn\/en\/?s={search_term_string}"},"query-input":{"@type":"PropertyValueSpecification","valueRequired":true,"valueName":"search_term_string"}}],"inLanguage":"en-US"}]}},"_links":{"self":[{"href":"https:\/\/fba.ntt.edu.vn\/en\/wp-json\/wp\/v2\/pages\/12959","targetHints":{"allow":["GET"]}}],"collection":[{"href":"https:\/\/fba.ntt.edu.vn\/en\/wp-json\/wp\/v2\/pages"}],"about":[{"href":"https:\/\/fba.ntt.edu.vn\/en\/wp-json\/wp\/v2\/types\/page"}],"author":[{"embeddable":true,"href":"https:\/\/fba.ntt.edu.vn\/en\/wp-json\/wp\/v2\/users\/151"}],"replies":[{"embeddable":true,"href":"https:\/\/fba.ntt.edu.vn\/en\/wp-json\/wp\/v2\/comments?post=12959"}],"version-history":[{"count":1,"href":"https:\/\/fba.ntt.edu.vn\/en\/wp-json\/wp\/v2\/pages\/12959\/revisions"}],"predecessor-version":[{"id":12960,"href":"https:\/\/fba.ntt.edu.vn\/en\/wp-json\/wp\/v2\/pages\/12959\/revisions\/12960"}],"wp:attachment":[{"href":"https:\/\/fba.ntt.edu.vn\/en\/wp-json\/wp\/v2\/media?parent=12959"}],"curies":[{"name":"wp","href":"https:\/\/api.w.org\/{rel}","templated":true}]}}