{"id":12947,"date":"2026-03-18T10:29:16","date_gmt":"2026-03-18T03:29:16","guid":{"rendered":"https:\/\/fba.ntt.edu.vn\/?page_id=12947"},"modified":"2026-04-02T10:51:51","modified_gmt":"2026-04-02T03:51:51","slug":"human-resource-management-3","status":"publish","type":"page","link":"https:\/\/fba.ntt.edu.vn\/en\/human-resource-management-3\/","title":{"rendered":"Human resource management"},"content":{"rendered":"<section class=\"section pb-0\" id=\"section_1474557318\">\n\t\t<div class=\"bg section-bg fill bg-fill\" >\n\n\t\t\t\n\t\t\t\n\t\t\t\n\n\t\t<\/div>\n\n\t\t<div class=\"section-content relative\">\n\t\t\t\n<div class=\"row row-small\"  id=\"row-1171084150\">\n\n\t<div id=\"col-1178385749\" class=\"col pb-0 mh-col-intro-title medium-12 small-12 large-12\"  >\n\t\t\t\t<div class=\"col-inner dark\"  >\n\t\t\t\n\t\t\t\n\t<div id=\"gap-1808562264\" class=\"gap-element clearfix hidden\" style=\"display:block; height:auto;\">\n\t\t\n<style>\n#gap-1808562264 {\n  padding-top: 15px;\n}\n@media (min-width:850px) {\n  #gap-1808562264 {\n    padding-top: 30px;\n  }\n}\n<\/style>\n\t<\/div>\n\t\n\t<div id=\"text-1935778383\" class=\"text mh-title-box\">\n\t\t\n<h1>Human resource management<\/h1>\n\t\t\t<\/div>\n\t\n<div class=\"is-divider divider clearfix\" style=\"margin-top:0.8em;margin-bottom:0.8em;max-width:170px;background-color:rgb(255, 255, 255);\"><\/div>\n\t<div id=\"gap-1797313362\" class=\"gap-element clearfix hidden\" style=\"display:block; height:auto;\">\n\t\t\n<style>\n#gap-1797313362 {\n  padding-top: 15px;\n}\n@media (min-width:850px) {\n  #gap-1797313362 {\n    padding-top: 40px;\n  }\n}\n<\/style>\n\t<\/div>\n\t\n\t<div id=\"text-1499293011\" class=\"text hidden\">\n\t\t\n<h1>Khoa Qu\u1ea3n tr\u1ecb kinh doanh \u0111\u00e0o t\u1ea1o 6 ng\u00e0nh ch\u00ednh:<\/h1>\n\t\t\t<\/div>\n\t\n\t<div id=\"gap-1324713036\" class=\"gap-element clearfix hidden\" style=\"display:block; height:auto;\">\n\t\t\n<style>\n#gap-1324713036 {\n  padding-top: 15px;\n}\n@media (min-width:850px) {\n  #gap-1324713036 {\n    padding-top: 10px;\n  }\n}\n<\/style>\n\t<\/div>\n\t\n\t<div class=\"ux-menu stack stack-col justify-start list-training hidden\">\n\t\t\n\t<div class=\"ux-menu-link flex menu-item hidden\">\n\t\t<a class=\"ux-menu-link__link flex\" href=\"https:\/\/fba.ntt.edu.vn\/en\/\"  >\n\t\t\t\t\t\t<span class=\"ux-menu-link__text\">\n\t\t\t\tBusiness administration\t\t\t<\/span>\n\t\t<\/a>\n\t<\/div>\n\t\n\t<div class=\"ux-menu-link flex menu-item hidden\">\n\t\t<a class=\"ux-menu-link__link flex\" href=\"https:\/\/fba.ntt.edu.vn\/en\/\"  >\n\t\t\t\t\t\t<span class=\"ux-menu-link__text\">\n\t\t\t\tQu\u1ea3n tr\u1ecb ngu\u1ed3n nh\u00e2n l\u1ef1c\t\t\t<\/span>\n\t\t<\/a>\n\t<\/div>\n\t\n\t<div class=\"ux-menu-link flex menu-item hidden\">\n\t\t<a class=\"ux-menu-link__link flex\" href=\"https:\/\/fba.ntt.edu.vn\/en\/\"  >\n\t\t\t\t\t\t<span class=\"ux-menu-link__text\">\n\t\t\t\tQu\u1ea3n tr\u1ecb Marketing\t\t\t<\/span>\n\t\t<\/a>\n\t<\/div>\n\t\n\t<div class=\"ux-menu-link flex menu-item hidden\">\n\t\t<a class=\"ux-menu-link__link flex\" href=\"https:\/\/fba.ntt.edu.vn\/en\/\"  >\n\t\t\t\t\t\t<span class=\"ux-menu-link__text\">\n\t\t\t\tKinh doanh qu\u1ed1c t\u1ebf\t\t\t<\/span>\n\t\t<\/a>\n\t<\/div>\n\t\n\t<div class=\"ux-menu-link flex menu-item hidden\">\n\t\t<a class=\"ux-menu-link__link flex\" href=\"https:\/\/fba.ntt.edu.vn\/en\/\"  >\n\t\t\t\t\t\t<span class=\"ux-menu-link__text\">\n\t\t\t\tQu\u1ea3n tr\u1ecb Logistic v\u00e0 chu\u1ed7i cung \u1ee9ng\t\t\t<\/span>\n\t\t<\/a>\n\t<\/div>\n\t\n\t<div class=\"ux-menu-link flex menu-item hidden\">\n\t\t<a class=\"ux-menu-link__link flex\" href=\"https:\/\/fba.ntt.edu.vn\/en\/\"  >\n\t\t\t\t\t\t<span class=\"ux-menu-link__text\">\n\t\t\t\tE-commerce\t\t\t<\/span>\n\t\t<\/a>\n\t<\/div>\n\t\n\t<\/div>\n\t\n\t\t<\/div>\n\t\t\t\t\t<\/div>\n\n\t\n<\/div>\n\t<div id=\"gap-793911540\" class=\"gap-element clearfix hidden\" style=\"display:block; height:auto;\">\n\t\t\n<style>\n#gap-793911540 {\n  padding-top: 25px;\n}\n@media (min-width:550px) {\n  #gap-793911540 {\n    padding-top: 40px;\n  }\n}\n@media (min-width:850px) {\n  #gap-793911540 {\n    padding-top: 80px;\n  }\n}\n<\/style>\n\t<\/div>\n\t\n\t\t<\/div>\n\n\t\t\n<style>\n#section_1474557318 {\n  padding-top: 40px;\n  padding-bottom: 40px;\n}\n#section_1474557318 .section-bg.bg-loaded {\n  background-image: url(https:\/\/fba.ntt.edu.vn\/wp-content\/uploads\/2021\/08\/cover-banner.jpg);\n}\n@media (min-width:550px) {\n  #section_1474557318 {\n    padding-top: 50px;\n    padding-bottom: 50px;\n  }\n}\n@media (min-width:850px) {\n  #section_1474557318 {\n    padding-top: 70px;\n    padding-bottom: 70px;\n  }\n}\n<\/style>\n\t<\/section>\n\t\n\t<section class=\"section pb-0\" id=\"section_200381876\">\n\t\t<div class=\"bg section-bg fill bg-fill\" >\n\n\t\t\t\n\t\t\t\n\t\t\t\n\n\t\t<\/div>\n\n\t\t<div class=\"section-content relative\">\n\t\t\t\n<div class=\"row\"  id=\"row-1215601678\">\n\n\t<div id=\"col-1168074096\" class=\"col small-12 large-12\"  >\n\t\t\t\t<div class=\"col-inner\"  >\n\t\t\t\n\t\t\t\n\t<div class=\"img has-hover x md-x lg-x y md-y lg-y\" id=\"image_1177445611\">\n\t\t\t\t\t\t\t\t<div class=\"img-inner dark\" >\n\t\t\t<img loading=\"lazy\" decoding=\"async\" width=\"1536\" height=\"1087\" src=\"https:\/\/fba.ntt.edu.vn\/wp-content\/uploads\/2025\/09\/Chuong-trinh-dao-tao-Quan-tri-nhan-luc.webp\" class=\"attachment-original size-original\" alt=\"\" srcset=\"https:\/\/fba.ntt.edu.vn\/wp-content\/uploads\/2025\/09\/Chuong-trinh-dao-tao-Quan-tri-nhan-luc.webp 1536w, https:\/\/fba.ntt.edu.vn\/wp-content\/uploads\/2025\/09\/Chuong-trinh-dao-tao-Quan-tri-nhan-luc-495x350.webp 495w, https:\/\/fba.ntt.edu.vn\/wp-content\/uploads\/2025\/09\/Chuong-trinh-dao-tao-Quan-tri-nhan-luc-768x544.webp 768w\" sizes=\"auto, (max-width: 1536px) 100vw, 1536px\" \/>\t\t\t\t\t\t\n\t\t\t\t\t<\/div>\n\t\t\t\t\t\t\t\t\n<style>\n#image_1177445611 {\n  width: 100%;\n}\n<\/style>\n\t<\/div>\n\t\n\t\t<\/div>\n\t\t\t\t\t<\/div>\n\n\t\n<\/div>\n<div class=\"row align-equal align-center\"  id=\"row-1403193495\">\n\n\t<div id=\"col-1704728146\" class=\"col pb-0 medium-12 small-12 large-12\"  >\n\t\t\t\t<div class=\"col-inner\"  >\n\t\t\t\n\t\t\t\n\t<div class=\"ux-menu stack stack-col justify-start nav-breadcrumbs hidden\">\n\t\t\n\t<\/div>\n\t\n<h3><strong>2017<\/strong><\/h3>\n<p><span style=\"color: #0000ff;\"><strong><a style=\"color: #0000ff;\" href=\"https:\/\/phongdaotao.ntt.edu.vn\/sinh-vien\/dm-tin-tuc\/chuong-trinh-dao-tao.html\" target=\"_blank\" rel=\"noopener\">Description of the 2017 Human Resource Management Training Program<\/a><\/strong><\/span><\/p>\n<p><span style=\"color: #0000ff;\"><strong><a style=\"color: #0000ff;\" href=\"https:\/\/phongdaotao.ntt.edu.vn\/sinh-vien\/dm-tin-tuc\/chuong-trinh-dao-tao.html\" target=\"_blank\" rel=\"noopener\">Human Resource Management Training Program 2017<\/a><\/strong><\/span><\/p>\n<h3><strong>2020<\/strong><\/h3>\n<h4><span style=\"color: #0000ff;\"><a style=\"color: #0000ff;\" href=\"https:\/\/phongdaotao.ntt.edu.vn\/sinh-vien\/dm-tin-tuc\/chuong-trinh-dao-tao.html\" target=\"_blank\" rel=\"noopener\">Description of the 2020 Human Resource Management Training Program<\/a><\/span><\/h4>\n<h1><span style=\"color: #0000ff;\"><a style=\"color: #0000ff;\" href=\"https:\/\/phongdaotao.ntt.edu.vn\/sinh-vien\/dm-tin-tuc\/chuong-trinh-dao-tao.html\" target=\"_blank\" rel=\"noopener\">Human Resource Management Training Program 2020<\/a><\/span><\/h1>\n<h1><span style=\"color: #0000ff;\"><a style=\"color: #0000ff;\" href=\"https:\/\/phongdaotao.ntt.edu.vn\/sinh-vien\/dm-tin-tuc\/chuong-trinh-dao-tao.html\" target=\"_blank\" rel=\"noopener\">Learning Outcomes for the Human Resource Management Training Program 2020<\/a><\/span><\/h1>\n\t<div id=\"gap-1466806167\" class=\"gap-element clearfix hidden\" style=\"display:block; height:auto;\">\n\t\t\n<style>\n#gap-1466806167 {\n  padding-top: 15px;\n}\n@media (min-width:850px) {\n  #gap-1466806167 {\n    padding-top: 45px;\n  }\n}\n<\/style>\n\t<\/div>\n\t\n<div class=\"row\"  id=\"row-1055538514\">\n\n\t<div id=\"col-793280389\" class=\"col small-12 large-12\"  >\n\t\t\t\t<div class=\"col-inner\"  >\n\t\t\t\n\t\t\t\n<div class=\"is-divider divider clearfix\" style=\"max-width:300px;\"><\/div>\n<h3><strong>Detailed syllabi for the modules<\/strong><\/h3>\n<p><span style=\"color: #0000ff;\"><strong><a style=\"color: #0000ff;\" href=\"https:\/\/drive.google.com\/drive\/folders\/1B7sAKd6rTFW0BMBIJhiODlJ8EmqWHvor?usp=sharing\" target=\"_blank\" rel=\"noopener\">2017<\/a><\/strong><\/span><\/p>\n<p><span style=\"color: #0000ff;\"><strong><a style=\"color: #0000ff;\" href=\"https:\/\/drive.google.com\/drive\/folders\/130o9Y1Au8b8VtrWGFfGxXubvJytvGRJL?usp=sharing\" target=\"_blank\" rel=\"noopener\">2018<\/a><\/strong><\/span><\/p>\n<p><span style=\"color: #0000ff;\"><strong><a style=\"color: #0000ff;\" href=\"https:\/\/drive.google.com\/drive\/folders\/1gPten_vtDItmhkxFawgFM4UhKebddNut?usp=sharing\" target=\"_blank\" rel=\"noopener\">2020<\/a><\/strong><\/span><\/p>\n\t\t<\/div>\n\t\t\t\t\t<\/div>\n\n\t\n<\/div>\n\t<div id=\"text-4175112086\" class=\"text mh-title-box hidden\">\n\t\t\n<h4>Chuy\u00ean ng\u00e0nh \u0111\u00e0o t\u1ea1o<\/h4>\n\t\t\t<\/div>\n\t\n\t\t<\/div>\n\t\t\t\t\n<style>\n#col-1704728146 > .col-inner {\n  padding: 0px 0px 30px 0px;\n}\n@media (min-width:850px) {\n  #col-1704728146 > .col-inner {\n    padding: 0px 0px 70px 0px;\n  }\n}\n<\/style>\n\t<\/div>\n\n\t\n\n\n\n\n\n\n\n<\/div>\n\n\t<div id=\"gap-453517463\" class=\"gap-element clearfix hidden\" style=\"display:block; height:auto;\">\n\t\t\n<style>\n#gap-453517463 {\n  padding-top: 15px;\n}\n@media (min-width:550px) {\n  #gap-453517463 {\n    padding-top: 35px;\n  }\n}\n@media (min-width:850px) {\n  #gap-453517463 {\n    padding-top: 80px;\n  }\n}\n<\/style>\n\t<\/div>\n\t\n\n\n\t<div id=\"gap-2109003627\" class=\"gap-element clearfix\" style=\"display:block; height:auto;\">\n\t\t\n<style>\n#gap-2109003627 {\n  padding-top: 10px;\n}\n@media (min-width:550px) {\n  #gap-2109003627 {\n    padding-top: 25px;\n  }\n}\n@media (min-width:850px) {\n  #gap-2109003627 {\n    padding-top: 170px;\n  }\n}\n<\/style>\n\t<\/div>\n\t\n\t\t<\/div>\n\n\t\t\n<style>\n#section_200381876 {\n  padding-top: 35px;\n  padding-bottom: 35px;\n}\n#section_200381876 .section-bg.bg-loaded {\n  background-image: url(https:\/\/fba.ntt.edu.vn\/wp-content\/uploads\/2021\/07\/bg-chuyen-nganh-dao-tao.png);\n}\n@media (min-width:550px) {\n  #section_200381876 {\n    padding-top: 50px;\n    padding-bottom: 50px;\n  }\n}\n@media (min-width:850px) {\n  #section_200381876 {\n    padding-top: 70px;\n    padding-bottom: 70px;\n  }\n}\n<\/style>\n\t<\/section>","protected":false},"excerpt":{"rendered":"","protected":false},"author":151,"featured_media":0,"parent":0,"menu_order":0,"comment_status":"closed","ping_status":"closed","template":"page-blank.php","meta":{"footnotes":""},"class_list":["post-12947","page","type-page","status-publish","hentry"],"yoast_head":"<!-- This site is optimized with the Yoast SEO plugin v26.6 - https:\/\/yoast.com\/wordpress\/plugins\/seo\/ -->\n<title>Human resource management - Faculty of Business Administration<\/title>\n<meta name=\"robots\" content=\"index, follow, max-snippet:-1, max-image-preview:large, max-video-preview:-1\" \/>\n<link rel=\"canonical\" href=\"https:\/\/fba.ntt.edu.vn\/en\/human-resource-management-3\/\" \/>\n<meta property=\"og:locale\" content=\"en_US\" \/>\n<meta property=\"og:type\" content=\"article\" \/>\n<meta property=\"og:title\" content=\"Human resource management - Faculty of Business Administration\" \/>\n<meta property=\"og:url\" content=\"https:\/\/fba.ntt.edu.vn\/en\/human-resource-management-3\/\" \/>\n<meta property=\"og:site_name\" content=\"Faculty of Business Administration\" \/>\n<meta property=\"article:modified_time\" content=\"2026-04-02T03:51:51+00:00\" \/>\n<meta name=\"twitter:card\" content=\"summary_large_image\" \/>\n<meta name=\"twitter:label1\" content=\"Est. reading time\" \/>\n\t<meta name=\"twitter:data1\" content=\"5 minutes\" \/>\n<script type=\"application\/ld+json\" class=\"yoast-schema-graph\">{\"@context\":\"https:\/\/schema.org\",\"@graph\":[{\"@type\":\"WebPage\",\"@id\":\"https:\/\/fba.ntt.edu.vn\/en\/human-resource-management-3\/\",\"url\":\"https:\/\/fba.ntt.edu.vn\/en\/human-resource-management-3\/\",\"name\":\"Human resource management - Faculty of Business Administration\",\"isPartOf\":{\"@id\":\"https:\/\/fba.ntt.edu.vn\/en\/#website\"},\"datePublished\":\"2026-03-18T03:29:16+00:00\",\"dateModified\":\"2026-04-02T03:51:51+00:00\",\"breadcrumb\":{\"@id\":\"https:\/\/fba.ntt.edu.vn\/en\/human-resource-management-3\/#breadcrumb\"},\"inLanguage\":\"en-US\",\"potentialAction\":[{\"@type\":\"ReadAction\",\"target\":[\"https:\/\/fba.ntt.edu.vn\/en\/human-resource-management-3\/\"]}]},{\"@type\":\"BreadcrumbList\",\"@id\":\"https:\/\/fba.ntt.edu.vn\/en\/human-resource-management-3\/#breadcrumb\",\"itemListElement\":[{\"@type\":\"ListItem\",\"position\":1,\"name\":\"Home\",\"item\":\"https:\/\/fba.ntt.edu.vn\/en\/trang-chu-english\/\"},{\"@type\":\"ListItem\",\"position\":2,\"name\":\"Human resource management\"}]},{\"@type\":\"WebSite\",\"@id\":\"https:\/\/fba.ntt.edu.vn\/en\/#website\",\"url\":\"https:\/\/fba.ntt.edu.vn\/en\/\",\"name\":\"Faculty of Business Administration\",\"description\":\"\",\"potentialAction\":[{\"@type\":\"SearchAction\",\"target\":{\"@type\":\"EntryPoint\",\"urlTemplate\":\"https:\/\/fba.ntt.edu.vn\/en\/?s={search_term_string}\"},\"query-input\":{\"@type\":\"PropertyValueSpecification\",\"valueRequired\":true,\"valueName\":\"search_term_string\"}}],\"inLanguage\":\"en-US\"}]}<\/script>\n<!-- \/ Yoast SEO plugin. -->","yoast_head_json":{"title":"Human resource management - Faculty of Business Administration","robots":{"index":"index","follow":"follow","max-snippet":"max-snippet:-1","max-image-preview":"max-image-preview:large","max-video-preview":"max-video-preview:-1"},"canonical":"https:\/\/fba.ntt.edu.vn\/en\/human-resource-management-3\/","og_locale":"en_US","og_type":"article","og_title":"Human resource management - Faculty of Business Administration","og_url":"https:\/\/fba.ntt.edu.vn\/en\/human-resource-management-3\/","og_site_name":"Faculty of Business Administration","article_modified_time":"2026-04-02T03:51:51+00:00","twitter_card":"summary_large_image","twitter_misc":{"Est. reading time":"5 minutes"},"schema":{"@context":"https:\/\/schema.org","@graph":[{"@type":"WebPage","@id":"https:\/\/fba.ntt.edu.vn\/en\/human-resource-management-3\/","url":"https:\/\/fba.ntt.edu.vn\/en\/human-resource-management-3\/","name":"Human resource management - Faculty of Business Administration","isPartOf":{"@id":"https:\/\/fba.ntt.edu.vn\/en\/#website"},"datePublished":"2026-03-18T03:29:16+00:00","dateModified":"2026-04-02T03:51:51+00:00","breadcrumb":{"@id":"https:\/\/fba.ntt.edu.vn\/en\/human-resource-management-3\/#breadcrumb"},"inLanguage":"en-US","potentialAction":[{"@type":"ReadAction","target":["https:\/\/fba.ntt.edu.vn\/en\/human-resource-management-3\/"]}]},{"@type":"BreadcrumbList","@id":"https:\/\/fba.ntt.edu.vn\/en\/human-resource-management-3\/#breadcrumb","itemListElement":[{"@type":"ListItem","position":1,"name":"Home","item":"https:\/\/fba.ntt.edu.vn\/en\/trang-chu-english\/"},{"@type":"ListItem","position":2,"name":"Human resource management"}]},{"@type":"WebSite","@id":"https:\/\/fba.ntt.edu.vn\/en\/#website","url":"https:\/\/fba.ntt.edu.vn\/en\/","name":"Faculty of Business Administration","description":"","potentialAction":[{"@type":"SearchAction","target":{"@type":"EntryPoint","urlTemplate":"https:\/\/fba.ntt.edu.vn\/en\/?s={search_term_string}"},"query-input":{"@type":"PropertyValueSpecification","valueRequired":true,"valueName":"search_term_string"}}],"inLanguage":"en-US"}]}},"_links":{"self":[{"href":"https:\/\/fba.ntt.edu.vn\/en\/wp-json\/wp\/v2\/pages\/12947","targetHints":{"allow":["GET"]}}],"collection":[{"href":"https:\/\/fba.ntt.edu.vn\/en\/wp-json\/wp\/v2\/pages"}],"about":[{"href":"https:\/\/fba.ntt.edu.vn\/en\/wp-json\/wp\/v2\/types\/page"}],"author":[{"embeddable":true,"href":"https:\/\/fba.ntt.edu.vn\/en\/wp-json\/wp\/v2\/users\/151"}],"replies":[{"embeddable":true,"href":"https:\/\/fba.ntt.edu.vn\/en\/wp-json\/wp\/v2\/comments?post=12947"}],"version-history":[{"count":3,"href":"https:\/\/fba.ntt.edu.vn\/en\/wp-json\/wp\/v2\/pages\/12947\/revisions"}],"predecessor-version":[{"id":13497,"href":"https:\/\/fba.ntt.edu.vn\/en\/wp-json\/wp\/v2\/pages\/12947\/revisions\/13497"}],"wp:attachment":[{"href":"https:\/\/fba.ntt.edu.vn\/en\/wp-json\/wp\/v2\/media?parent=12947"}],"curies":[{"name":"wp","href":"https:\/\/api.w.org\/{rel}","templated":true}]}}