{"id":12944,"date":"2026-03-18T10:27:48","date_gmt":"2026-03-18T03:27:48","guid":{"rendered":"https:\/\/fba.ntt.edu.vn\/?page_id=12944"},"modified":"2026-04-07T17:57:03","modified_gmt":"2026-04-07T10:57:03","slug":"international-business","status":"publish","type":"page","link":"https:\/\/fba.ntt.edu.vn\/en\/international-business\/","title":{"rendered":"International Business"},"content":{"rendered":"<section class=\"section pb-0\" id=\"section_888918843\">\n\t\t<div class=\"bg section-bg fill bg-fill\" >\n\n\t\t\t\n\t\t\t\n\t\t\t\n\n\t\t<\/div>\n\n\t\t<div class=\"section-content relative\">\n\t\t\t\n<div class=\"row row-small\"  id=\"row-99713947\">\n\n\t<div id=\"col-1071517406\" class=\"col pb-0 mh-col-intro-title medium-12 small-12 large-12\"  >\n\t\t\t\t<div class=\"col-inner dark\"  >\n\t\t\t\n\t\t\t\n\t<div id=\"gap-1331525992\" class=\"gap-element clearfix hidden\" style=\"display:block; height:auto;\">\n\t\t\n<style>\n#gap-1331525992 {\n  padding-top: 15px;\n}\n@media (min-width:850px) {\n  #gap-1331525992 {\n    padding-top: 30px;\n  }\n}\n<\/style>\n\t<\/div>\n\t\n\t<div id=\"text-1380803018\" class=\"text mh-title-box\">\n\t\t\n<h1>International Business<\/h1>\n\t\t\t<\/div>\n\t\n<div class=\"is-divider divider clearfix\" style=\"margin-top:0.8em;margin-bottom:0.8em;max-width:170px;background-color:rgb(255, 255, 255);\"><\/div>\n\t<div id=\"gap-1998571240\" class=\"gap-element clearfix hidden\" style=\"display:block; height:auto;\">\n\t\t\n<style>\n#gap-1998571240 {\n  padding-top: 15px;\n}\n@media (min-width:850px) {\n  #gap-1998571240 {\n    padding-top: 40px;\n  }\n}\n<\/style>\n\t<\/div>\n\t\n\t<div id=\"text-1792056651\" class=\"text hidden\">\n\t\t\n<h1>Khoa Qu\u1ea3n tr\u1ecb kinh doanh \u0111\u00e0o t\u1ea1o 6 ng\u00e0nh ch\u00ednh:<\/h1>\n\t\t\t<\/div>\n\t\n\t<div id=\"gap-1756698562\" class=\"gap-element clearfix hidden\" style=\"display:block; height:auto;\">\n\t\t\n<style>\n#gap-1756698562 {\n  padding-top: 15px;\n}\n@media (min-width:850px) {\n  #gap-1756698562 {\n    padding-top: 10px;\n  }\n}\n<\/style>\n\t<\/div>\n\t\n\t<div class=\"ux-menu stack stack-col justify-start list-training hidden\">\n\t\t\n\t<div class=\"ux-menu-link flex menu-item hidden\">\n\t\t<a class=\"ux-menu-link__link flex\" href=\"https:\/\/fba.ntt.edu.vn\/en\/\"  >\n\t\t\t\t\t\t<span class=\"ux-menu-link__text\">\n\t\t\t\tBusiness administration\t\t\t<\/span>\n\t\t<\/a>\n\t<\/div>\n\t\n\t<div class=\"ux-menu-link flex menu-item hidden\">\n\t\t<a class=\"ux-menu-link__link flex\" href=\"https:\/\/fba.ntt.edu.vn\/en\/\"  >\n\t\t\t\t\t\t<span class=\"ux-menu-link__text\">\n\t\t\t\tQu\u1ea3n tr\u1ecb ngu\u1ed3n nh\u00e2n l\u1ef1c\t\t\t<\/span>\n\t\t<\/a>\n\t<\/div>\n\t\n\t<div class=\"ux-menu-link flex menu-item hidden\">\n\t\t<a class=\"ux-menu-link__link flex\" href=\"https:\/\/fba.ntt.edu.vn\/en\/\"  >\n\t\t\t\t\t\t<span class=\"ux-menu-link__text\">\n\t\t\t\tQu\u1ea3n tr\u1ecb Marketing\t\t\t<\/span>\n\t\t<\/a>\n\t<\/div>\n\t\n\t<div class=\"ux-menu-link flex menu-item hidden\">\n\t\t<a class=\"ux-menu-link__link flex\" href=\"https:\/\/fba.ntt.edu.vn\/en\/\"  >\n\t\t\t\t\t\t<span class=\"ux-menu-link__text\">\n\t\t\t\tKinh doanh qu\u1ed1c t\u1ebf\t\t\t<\/span>\n\t\t<\/a>\n\t<\/div>\n\t\n\t<div class=\"ux-menu-link flex menu-item hidden\">\n\t\t<a class=\"ux-menu-link__link flex\" href=\"https:\/\/fba.ntt.edu.vn\/en\/\"  >\n\t\t\t\t\t\t<span class=\"ux-menu-link__text\">\n\t\t\t\tQu\u1ea3n tr\u1ecb Logistic v\u00e0 chu\u1ed7i cung \u1ee9ng\t\t\t<\/span>\n\t\t<\/a>\n\t<\/div>\n\t\n\t<div class=\"ux-menu-link flex menu-item hidden\">\n\t\t<a class=\"ux-menu-link__link flex\" href=\"https:\/\/fba.ntt.edu.vn\/en\/\"  >\n\t\t\t\t\t\t<span class=\"ux-menu-link__text\">\n\t\t\t\tE-commerce\t\t\t<\/span>\n\t\t<\/a>\n\t<\/div>\n\t\n\t<\/div>\n\t\n\t\t<\/div>\n\t\t\t\t\t<\/div>\n\n\t\n<\/div>\n\t<div id=\"gap-795200076\" class=\"gap-element clearfix hidden\" style=\"display:block; height:auto;\">\n\t\t\n<style>\n#gap-795200076 {\n  padding-top: 25px;\n}\n@media (min-width:550px) {\n  #gap-795200076 {\n    padding-top: 40px;\n  }\n}\n@media (min-width:850px) {\n  #gap-795200076 {\n    padding-top: 80px;\n  }\n}\n<\/style>\n\t<\/div>\n\t\n\t\t<\/div>\n\n\t\t\n<style>\n#section_888918843 {\n  padding-top: 40px;\n  padding-bottom: 40px;\n}\n#section_888918843 .section-bg.bg-loaded {\n  background-image: url(https:\/\/fba.ntt.edu.vn\/wp-content\/uploads\/2021\/08\/cover-banner.jpg);\n}\n@media (min-width:550px) {\n  #section_888918843 {\n    padding-top: 50px;\n    padding-bottom: 50px;\n  }\n}\n@media (min-width:850px) {\n  #section_888918843 {\n    padding-top: 70px;\n    padding-bottom: 70px;\n  }\n}\n<\/style>\n\t<\/section>\n\t\n\t<section class=\"section pb-0\" id=\"section_1966433308\">\n\t\t<div class=\"bg section-bg fill bg-fill\" >\n\n\t\t\t\n\t\t\t\n\t\t\t\n\n\t\t<\/div>\n\n\t\t<div class=\"section-content relative\">\n\t\t\t\n<div class=\"row align-equal align-center\"  id=\"row-1175617259\">\n\n\t<div id=\"col-1367469814\" class=\"col pb-0 medium-12 small-12 large-12\"  >\n\t\t\t\t<div class=\"col-inner\"  >\n\t\t\t\n\t\t\t\n\t<div class=\"ux-menu stack stack-col justify-start nav-breadcrumbs hidden\">\n\t\t\n\t<\/div>\n\t\n<div class=\"articleBody\">\n<p>Major Code: <strong>7340120. <\/strong>Training Duration: <strong>3 <\/strong>years. With the opening of the market, Vietnam has received many sources of foreign investment, and many investors have boldly invested abroad. However, not everyone has the necessary knowledge to participate in this segment. Therefore, the international business major has inevitably become an extremely necessary choice to provide human resources with sufficient professional knowledge, ensuring smooth buying, selling, and trading between countries. The program focuses on developing management skills and analyzing global business trends through:<\/p>\n<ul>\n<li>Foundational subjects include: Global Business Environment Studies, International Investment, Strategic Principles, International Human Resource Management, etc.<\/li>\n<li>Key subjects: Import and export, international marketing and distribution, logistics organization and global supply chain management, international law and practices;<\/li>\n<li>Simultaneously, students will be equipped with English and soft skills such as: communication skills, problem-solving skills, negotiation skills, teamwork skills, lifelong learning skills, etc.<\/li>\n<li>Students will receive instruction and guidance from a team of highly qualified and experienced lecturers and business instructors with practical experience in international business enterprises.<\/li>\n<\/ul>\n<p>Upon completing the program, students will confidently seize job opportunities in professional international work environments and will be able to develop specific growth strategies for various companies. This is the most outstanding advantage of students in this field compared to other economics-related majors:<\/p>\n<ul>\n<li>External Relations Specialist<\/li>\n<li>Import-Export Specialist<\/li>\n<li>Trade promotion specialist<\/li>\n<li>International Sales Specialist<\/li>\n<li>International Investment Planning Specialist<\/li>\n<li>International Investment Consultant<\/li>\n<li>Investors \u2013 establishing a small and medium-sized business.<\/li>\n<\/ul>\n<\/div>\n\t<div id=\"gap-2091343177\" class=\"gap-element clearfix hidden\" style=\"display:block; height:auto;\">\n\t\t\n<style>\n#gap-2091343177 {\n  padding-top: 15px;\n}\n@media (min-width:850px) {\n  #gap-2091343177 {\n    padding-top: 45px;\n  }\n}\n<\/style>\n\t<\/div>\n\t\n\t<div id=\"text-1598620416\" class=\"text mh-title-box hidden\">\n\t\t\n<h4>Chuy\u00ean ng\u00e0nh \u0111\u00e0o t\u1ea1o<\/h4>\n\t\t\t<\/div>\n\t\n\t\t<\/div>\n\t\t\t\t\n<style>\n#col-1367469814 > .col-inner {\n  padding: 0px 0px 30px 0px;\n}\n@media (min-width:850px) {\n  #col-1367469814 > .col-inner {\n    padding: 0px 0px 70px 0px;\n  }\n}\n<\/style>\n\t<\/div>\n\n\t\n\n\n\n\n\n\n\n<\/div>\n\t<div id=\"gap-1290088416\" class=\"gap-element clearfix hidden\" style=\"display:block; height:auto;\">\n\t\t\n<style>\n#gap-1290088416 {\n  padding-top: 15px;\n}\n@media (min-width:550px) {\n  #gap-1290088416 {\n    padding-top: 35px;\n  }\n}\n@media (min-width:850px) {\n  #gap-1290088416 {\n    padding-top: 80px;\n  }\n}\n<\/style>\n\t<\/div>\n\t\n\n\n<div class=\"row\"  id=\"row-1661234833\">\n\n\t<div id=\"col-1463037360\" class=\"col small-12 large-12\"  >\n\t\t\t\t<div class=\"col-inner text-center\"  >\n\t\t\t\n\t\t\t\n<a rel=\"noopener noreferrer\" href=\"https:\/\/fba.ntt.edu.vn\/wp-content\/uploads\/2026\/04\/MTCL-NTTU-2026.pdf\" target=\"_blank\" class=\"button primary is-shade is-larger box-shadow-4 box-shadow-5-hover\"  style=\"border-radius:10px;\">\n    <span>NTTU's quality objectives<\/span>\n  <\/a>\n\n\t\t<\/div>\n\t\t\t\t\t<\/div>\n\n\t\n\n\t<div id=\"col-1823477441\" class=\"col small-12 large-12\"  >\n\t\t\t\t<div class=\"col-inner text-center\"  >\n\t\t\t\n\t\t\t\n<a rel=\"noopener noreferrer\" href=\"https:\/\/fba.ntt.edu.vn\/wp-content\/uploads\/2026\/04\/13.-MTCL-KH-MTCL-2025-2026_Khoa-Quan-tri-kinh-doanh.pdf\" target=\"_blank\" class=\"button primary is-shade is-larger box-shadow-4 box-shadow-5-hover\"  style=\"border-radius:10px;\">\n    <span>Faculty's quality objectives<\/span>\n  <\/a>\n\n\t\t<\/div>\n\t\t\t\t\t<\/div>\n\n\t\n\n\t<div id=\"col-1054024760\" class=\"col small-12 large-12\"  >\n\t\t\t\t<div class=\"col-inner text-center\"  >\n\t\t\t\n\t\t\t\n<a rel=\"noopener noreferrer\" href=\"https:\/\/phongdaotao.ntt.edu.vn\/sinh-vien\/dm-tin-tuc\/chuong-trinh-dao-tao.html\" target=\"_blank\" class=\"button primary is-shade is-larger box-shadow-4 box-shadow-5-hover\"  style=\"border-radius:10px;\">\n    <span>International Business Academic Program<\/span>\n  <\/a>\n\n\t\t<\/div>\n\t\t\t\t\t<\/div>\n\n\t\n\n\t<div id=\"col-357618799\" class=\"col small-12 large-12\"  >\n\t\t\t\t<div class=\"col-inner text-center\"  >\n\t\t\t\n\t\t\t\n<a rel=\"noopener noreferrer\" href=\"https:\/\/drive.google.com\/drive\/folders\/1xO4GvuiXPouzxoDtJ54xu99anpO5v0At\" target=\"_blank\" class=\"button primary is-shade is-larger box-shadow-4 box-shadow-5-hover\"  style=\"border-radius:10px;\">\n    <span>Course Syllabus<\/span>\n  <\/a>\n\n\t\t<\/div>\n\t\t\t\t\t<\/div>\n\n\t\n\n\t<div id=\"col-1115886820\" class=\"col small-12 large-12\"  >\n\t\t\t\t<div class=\"col-inner text-center\"  >\n\t\t\t\n\t\t\t\n<a rel=\"noopener noreferrer\" href=\"https:\/\/fba.ntt.edu.vn\/wp-content\/uploads\/2026\/04\/QD-vv-ban-hanh-danh-muc-GTTLTK-nganh-KTQT.pdf\" target=\"_blank\" class=\"button primary is-shade is-larger box-shadow-4 box-shadow-5-hover\"  style=\"border-radius:10px;\">\n    <span>List of textbooks\/reference materials<\/span>\n  <\/a>\n\n\t\t<\/div>\n\t\t\t\t\t<\/div>\n\n\t\n\n\t<div id=\"col-968995621\" class=\"col small-12 large-12\"  >\n\t\t\t\t<div class=\"col-inner\"  >\n\t\t\t\n\t\t\t\n<div class=\"container section-title-container\" ><h3 class=\"section-title section-title-center\"><b><\/b><span class=\"section-title-main\" >training program structure diagram<\/span><b><\/b><\/h3><\/div>\n\t<div class=\"img has-hover x md-x lg-x y md-y lg-y\" id=\"image_1387062931\">\n\t\t\t\t\t\t\t\t<div class=\"img-inner dark\" >\n\t\t\t<img loading=\"lazy\" decoding=\"async\" width=\"1424\" height=\"776\" src=\"https:\/\/fba.ntt.edu.vn\/wp-content\/uploads\/2026\/04\/training-program-structure-diagram-of-international-Business.jpg\" class=\"attachment-large size-large\" alt=\"\" srcset=\"https:\/\/fba.ntt.edu.vn\/wp-content\/uploads\/2026\/04\/training-program-structure-diagram-of-international-Business.jpg 1424w, https:\/\/fba.ntt.edu.vn\/wp-content\/uploads\/2026\/04\/training-program-structure-diagram-of-international-Business-500x272.jpg 500w, https:\/\/fba.ntt.edu.vn\/wp-content\/uploads\/2026\/04\/training-program-structure-diagram-of-international-Business-768x419.jpg 768w\" sizes=\"auto, (max-width: 1424px) 100vw, 1424px\" \/>\t\t\t\t\t\t\n\t\t\t\t\t<\/div>\n\t\t\t\t\t\t\t\t\n<style>\n#image_1387062931 {\n  width: 100%;\n}\n<\/style>\n\t<\/div>\n\t\n<div class=\"container section-title-container\" ><h3 class=\"section-title section-title-center\"><b><\/b><span class=\"section-title-main\" >training program structure diagram<\/span><b><\/b><\/h3><\/div>\n<p>Updating&#8230;<\/p>\n<div class=\"container section-title-container\" ><h3 class=\"section-title section-title-center\"><b><\/b><span class=\"section-title-main\" >academic profiles of Department<\/span><b><\/b><\/h3><\/div>\n<div class=\"row\"  id=\"row-1283351213\">\n\n\t<div id=\"col-207032087\" class=\"col medium-3 small-6 large-3\"  >\n\t\t\t\t<div class=\"col-inner text-center\"  >\n\t\t\t\n\t\t\t\n\t<div class=\"box has-hover   has-hover box-text-bottom\" >\n\n\t\t<div class=\"box-image\" >\n\t\t\t\t\t\t<div class=\"\" >\n\t\t\t\t<img loading=\"lazy\" decoding=\"async\" width=\"1508\" height=\"1508\" src=\"https:\/\/fba.ntt.edu.vn\/wp-content\/uploads\/2026\/04\/ts-dao-thi-thu-hien-e1775535793657.jpg\" class=\"attachment- size-\" alt=\"\" srcset=\"https:\/\/fba.ntt.edu.vn\/wp-content\/uploads\/2026\/04\/ts-dao-thi-thu-hien-e1775535793657.jpg 1508w, https:\/\/fba.ntt.edu.vn\/wp-content\/uploads\/2026\/04\/ts-dao-thi-thu-hien-e1775535793657-350x350.jpg 350w, https:\/\/fba.ntt.edu.vn\/wp-content\/uploads\/2026\/04\/ts-dao-thi-thu-hien-e1775535793657-150x150.jpg 150w, https:\/\/fba.ntt.edu.vn\/wp-content\/uploads\/2026\/04\/ts-dao-thi-thu-hien-e1775535793657-768x768.jpg 768w, https:\/\/fba.ntt.edu.vn\/wp-content\/uploads\/2026\/04\/ts-dao-thi-thu-hien-e1775535793657-12x12.jpg 12w\" sizes=\"auto, (max-width: 1508px) 100vw, 1508px\" \/>\t\t\t\t\t\t\t\t\t\t\t<\/div>\n\t\t\t\t\t<\/div>\n\n\t\t<div class=\"box-text text-center\" >\n\t\t\t<div class=\"box-text-inner\">\n\t\t\t\t\n<h4>Dr. Dao Thi Thu Hien<\/h4>\n<p>Head of Department<\/p>\n\t\t\t<\/div>\n\t\t<\/div>\n\t<\/div>\n\t\n<a rel=\"noopener noreferrer\" href=\"https:\/\/fba.ntt.edu.vn\/wp-content\/uploads\/2026\/04\/NTTU-01263-LLKH-DAO-THI-THU-HIEN.docx\" target=\"_blank\" class=\"button primary lowercase\"  style=\"border-radius:10px;\">\n    <span>View CV<\/span>\n  <\/a>\n\n\t\t<\/div>\n\t\t\t\t\t<\/div>\n\n\t\n\n\t<div id=\"col-316897834\" class=\"col medium-3 small-6 large-3\"  >\n\t\t\t\t<div class=\"col-inner\"  >\n\t\t\t\n\t\t\t\n\t<div class=\"box has-hover   has-hover box-text-bottom\" >\n\n\t\t<div class=\"box-image\" >\n\t\t\t\t\t\t<div class=\"\" >\n\t\t\t\t<img loading=\"lazy\" decoding=\"async\" width=\"354\" height=\"354\" src=\"https:\/\/fba.ntt.edu.vn\/wp-content\/uploads\/2026\/04\/nguyen-quoc-thai-e1775552803760.jpg\" class=\"attachment- size-\" alt=\"\" srcset=\"https:\/\/fba.ntt.edu.vn\/wp-content\/uploads\/2026\/04\/nguyen-quoc-thai-e1775552803760.jpg 354w, https:\/\/fba.ntt.edu.vn\/wp-content\/uploads\/2026\/04\/nguyen-quoc-thai-e1775552803760-350x350.jpg 350w, https:\/\/fba.ntt.edu.vn\/wp-content\/uploads\/2026\/04\/nguyen-quoc-thai-e1775552803760-150x150.jpg 150w, https:\/\/fba.ntt.edu.vn\/wp-content\/uploads\/2026\/04\/nguyen-quoc-thai-e1775552803760-12x12.jpg 12w\" sizes=\"auto, (max-width: 354px) 100vw, 354px\" \/>\t\t\t\t\t\t\t\t\t\t\t<\/div>\n\t\t\t\t\t<\/div>\n\n\t\t<div class=\"box-text text-center\" >\n\t\t\t<div class=\"box-text-inner\">\n\t\t\t\t\n<h4>MBA. Nguyen Quoc Thai<\/h4>\n<p>Lecturer<\/p>\n\t\t\t<\/div>\n\t\t<\/div>\n\t<\/div>\n\t\n\t\t<\/div>\n\t\t\t\t\t<\/div>\n\n\t\n\n\t<div id=\"col-508351883\" class=\"col medium-3 small-6 large-3\"  >\n\t\t\t\t<div class=\"col-inner\"  >\n\t\t\t\n\t\t\t\n\t<div class=\"box has-hover   has-hover box-text-bottom\" >\n\n\t\t<div class=\"box-image\" >\n\t\t\t\t\t\t<div class=\"\" >\n\t\t\t\t<img loading=\"lazy\" decoding=\"async\" width=\"853\" height=\"853\" src=\"https:\/\/fba.ntt.edu.vn\/wp-content\/uploads\/2026\/04\/Pham-Thi-Thuy-Trang-e1775559196465.jpg\" class=\"attachment- size-\" alt=\"\" srcset=\"https:\/\/fba.ntt.edu.vn\/wp-content\/uploads\/2026\/04\/Pham-Thi-Thuy-Trang-e1775559196465.jpg 853w, https:\/\/fba.ntt.edu.vn\/wp-content\/uploads\/2026\/04\/Pham-Thi-Thuy-Trang-e1775559196465-350x350.jpg 350w, https:\/\/fba.ntt.edu.vn\/wp-content\/uploads\/2026\/04\/Pham-Thi-Thuy-Trang-e1775559196465-150x150.jpg 150w, https:\/\/fba.ntt.edu.vn\/wp-content\/uploads\/2026\/04\/Pham-Thi-Thuy-Trang-e1775559196465-768x768.jpg 768w, https:\/\/fba.ntt.edu.vn\/wp-content\/uploads\/2026\/04\/Pham-Thi-Thuy-Trang-e1775559196465-12x12.jpg 12w\" sizes=\"auto, (max-width: 853px) 100vw, 853px\" \/>\t\t\t\t\t\t\t\t\t\t\t<\/div>\n\t\t\t\t\t<\/div>\n\n\t\t<div class=\"box-text text-center\" >\n\t\t\t<div class=\"box-text-inner\">\n\t\t\t\t\n<h4>MBA. Pham Thi Thuy Trang<\/h4>\n<p>Lecturer<\/p>\n\t\t\t<\/div>\n\t\t<\/div>\n\t<\/div>\n\t\n\t\t<\/div>\n\t\t\t\t\t<\/div>\n\n\t\n\n\t<div id=\"col-1328752270\" class=\"col medium-3 small-6 large-3\"  >\n\t\t\t\t<div class=\"col-inner\"  >\n\t\t\t\n\t\t\t\n\t<div class=\"box has-hover   has-hover box-text-bottom\" >\n\n\t\t<div class=\"box-image\" >\n\t\t\t\t\t\t<div class=\"\" >\n\t\t\t\t<img loading=\"lazy\" decoding=\"async\" width=\"960\" height=\"960\" src=\"https:\/\/fba.ntt.edu.vn\/wp-content\/uploads\/2026\/04\/Doan-Thi-Phuong-Thao-e1775559397755.jpg\" class=\"attachment- size-\" alt=\"\" srcset=\"https:\/\/fba.ntt.edu.vn\/wp-content\/uploads\/2026\/04\/Doan-Thi-Phuong-Thao-e1775559397755.jpg 960w, https:\/\/fba.ntt.edu.vn\/wp-content\/uploads\/2026\/04\/Doan-Thi-Phuong-Thao-e1775559397755-350x350.jpg 350w, https:\/\/fba.ntt.edu.vn\/wp-content\/uploads\/2026\/04\/Doan-Thi-Phuong-Thao-e1775559397755-150x150.jpg 150w, https:\/\/fba.ntt.edu.vn\/wp-content\/uploads\/2026\/04\/Doan-Thi-Phuong-Thao-e1775559397755-768x768.jpg 768w, https:\/\/fba.ntt.edu.vn\/wp-content\/uploads\/2026\/04\/Doan-Thi-Phuong-Thao-e1775559397755-12x12.jpg 12w\" sizes=\"auto, (max-width: 960px) 100vw, 960px\" \/>\t\t\t\t\t\t\t\t\t\t\t<\/div>\n\t\t\t\t\t<\/div>\n\n\t\t<div class=\"box-text text-center\" >\n\t\t\t<div class=\"box-text-inner\">\n\t\t\t\t\n<h4>MBA. Doan Thi Phuong Thao<\/h4>\n<p>Lecturer<\/p>\n\t\t\t<\/div>\n\t\t<\/div>\n\t<\/div>\n\t\n\t\t<\/div>\n\t\t\t\t\t<\/div>\n\n\t\n<\/div>\n\t\t<\/div>\n\t\t\t\t\t<\/div>\n\n\t\n<\/div>\n\t<div id=\"gap-371327053\" class=\"gap-element clearfix\" style=\"display:block; height:auto;\">\n\t\t\n<style>\n#gap-371327053 {\n  padding-top: 10px;\n}\n@media (min-width:550px) {\n  #gap-371327053 {\n    padding-top: 25px;\n  }\n}\n@media (min-width:850px) {\n  #gap-371327053 {\n    padding-top: 170px;\n  }\n}\n<\/style>\n\t<\/div>\n\t\n\t\t<\/div>\n\n\t\t\n<style>\n#section_1966433308 {\n  padding-top: 35px;\n  padding-bottom: 35px;\n}\n#section_1966433308 .section-bg.bg-loaded {\n  background-image: url(https:\/\/fba.ntt.edu.vn\/wp-content\/uploads\/2021\/07\/bg-chuyen-nganh-dao-tao.png);\n}\n@media (min-width:550px) {\n  #section_1966433308 {\n    padding-top: 50px;\n    padding-bottom: 50px;\n  }\n}\n@media (min-width:850px) {\n  #section_1966433308 {\n    padding-top: 70px;\n    padding-bottom: 70px;\n  }\n}\n<\/style>\n\t<\/section>","protected":false},"excerpt":{"rendered":"","protected":false},"author":151,"featured_media":0,"parent":0,"menu_order":0,"comment_status":"closed","ping_status":"closed","template":"page-blank.php","meta":{"footnotes":""},"class_list":["post-12944","page","type-page","status-publish","hentry"],"yoast_head":"<!-- This site is optimized with the Yoast SEO plugin v26.6 - https:\/\/yoast.com\/wordpress\/plugins\/seo\/ -->\n<title>International Business - Faculty of Business Administration<\/title>\n<meta name=\"robots\" content=\"index, follow, max-snippet:-1, max-image-preview:large, max-video-preview:-1\" \/>\n<link rel=\"canonical\" href=\"https:\/\/fba.ntt.edu.vn\/en\/international-business\/\" \/>\n<meta property=\"og:locale\" content=\"en_US\" \/>\n<meta property=\"og:type\" content=\"article\" \/>\n<meta property=\"og:title\" content=\"International Business - Faculty of Business Administration\" \/>\n<meta property=\"og:url\" content=\"https:\/\/fba.ntt.edu.vn\/en\/international-business\/\" \/>\n<meta property=\"og:site_name\" content=\"Faculty of Business Administration\" \/>\n<meta property=\"article:modified_time\" content=\"2026-04-07T10:57:03+00:00\" \/>\n<meta name=\"twitter:card\" content=\"summary_large_image\" \/>\n<meta name=\"twitter:label1\" content=\"Est. reading time\" \/>\n\t<meta name=\"twitter:data1\" content=\"4 minutes\" \/>\n<script type=\"application\/ld+json\" class=\"yoast-schema-graph\">{\"@context\":\"https:\/\/schema.org\",\"@graph\":[{\"@type\":\"WebPage\",\"@id\":\"https:\/\/fba.ntt.edu.vn\/en\/international-business\/\",\"url\":\"https:\/\/fba.ntt.edu.vn\/en\/international-business\/\",\"name\":\"International Business - Faculty of Business Administration\",\"isPartOf\":{\"@id\":\"https:\/\/fba.ntt.edu.vn\/en\/#website\"},\"datePublished\":\"2026-03-18T03:27:48+00:00\",\"dateModified\":\"2026-04-07T10:57:03+00:00\",\"breadcrumb\":{\"@id\":\"https:\/\/fba.ntt.edu.vn\/en\/international-business\/#breadcrumb\"},\"inLanguage\":\"en-US\",\"potentialAction\":[{\"@type\":\"ReadAction\",\"target\":[\"https:\/\/fba.ntt.edu.vn\/en\/international-business\/\"]}]},{\"@type\":\"BreadcrumbList\",\"@id\":\"https:\/\/fba.ntt.edu.vn\/en\/international-business\/#breadcrumb\",\"itemListElement\":[{\"@type\":\"ListItem\",\"position\":1,\"name\":\"Home\",\"item\":\"https:\/\/fba.ntt.edu.vn\/en\/trang-chu-english\/\"},{\"@type\":\"ListItem\",\"position\":2,\"name\":\"International Business\"}]},{\"@type\":\"WebSite\",\"@id\":\"https:\/\/fba.ntt.edu.vn\/en\/#website\",\"url\":\"https:\/\/fba.ntt.edu.vn\/en\/\",\"name\":\"Faculty of Business Administration\",\"description\":\"\",\"potentialAction\":[{\"@type\":\"SearchAction\",\"target\":{\"@type\":\"EntryPoint\",\"urlTemplate\":\"https:\/\/fba.ntt.edu.vn\/en\/?s={search_term_string}\"},\"query-input\":{\"@type\":\"PropertyValueSpecification\",\"valueRequired\":true,\"valueName\":\"search_term_string\"}}],\"inLanguage\":\"en-US\"}]}<\/script>\n<!-- \/ Yoast SEO plugin. -->","yoast_head_json":{"title":"International Business - Faculty of Business Administration","robots":{"index":"index","follow":"follow","max-snippet":"max-snippet:-1","max-image-preview":"max-image-preview:large","max-video-preview":"max-video-preview:-1"},"canonical":"https:\/\/fba.ntt.edu.vn\/en\/international-business\/","og_locale":"en_US","og_type":"article","og_title":"International Business - Faculty of Business Administration","og_url":"https:\/\/fba.ntt.edu.vn\/en\/international-business\/","og_site_name":"Faculty of Business Administration","article_modified_time":"2026-04-07T10:57:03+00:00","twitter_card":"summary_large_image","twitter_misc":{"Est. reading time":"4 minutes"},"schema":{"@context":"https:\/\/schema.org","@graph":[{"@type":"WebPage","@id":"https:\/\/fba.ntt.edu.vn\/en\/international-business\/","url":"https:\/\/fba.ntt.edu.vn\/en\/international-business\/","name":"International Business - Faculty of Business Administration","isPartOf":{"@id":"https:\/\/fba.ntt.edu.vn\/en\/#website"},"datePublished":"2026-03-18T03:27:48+00:00","dateModified":"2026-04-07T10:57:03+00:00","breadcrumb":{"@id":"https:\/\/fba.ntt.edu.vn\/en\/international-business\/#breadcrumb"},"inLanguage":"en-US","potentialAction":[{"@type":"ReadAction","target":["https:\/\/fba.ntt.edu.vn\/en\/international-business\/"]}]},{"@type":"BreadcrumbList","@id":"https:\/\/fba.ntt.edu.vn\/en\/international-business\/#breadcrumb","itemListElement":[{"@type":"ListItem","position":1,"name":"Home","item":"https:\/\/fba.ntt.edu.vn\/en\/trang-chu-english\/"},{"@type":"ListItem","position":2,"name":"International Business"}]},{"@type":"WebSite","@id":"https:\/\/fba.ntt.edu.vn\/en\/#website","url":"https:\/\/fba.ntt.edu.vn\/en\/","name":"Faculty of Business Administration","description":"","potentialAction":[{"@type":"SearchAction","target":{"@type":"EntryPoint","urlTemplate":"https:\/\/fba.ntt.edu.vn\/en\/?s={search_term_string}"},"query-input":{"@type":"PropertyValueSpecification","valueRequired":true,"valueName":"search_term_string"}}],"inLanguage":"en-US"}]}},"_links":{"self":[{"href":"https:\/\/fba.ntt.edu.vn\/en\/wp-json\/wp\/v2\/pages\/12944","targetHints":{"allow":["GET"]}}],"collection":[{"href":"https:\/\/fba.ntt.edu.vn\/en\/wp-json\/wp\/v2\/pages"}],"about":[{"href":"https:\/\/fba.ntt.edu.vn\/en\/wp-json\/wp\/v2\/types\/page"}],"author":[{"embeddable":true,"href":"https:\/\/fba.ntt.edu.vn\/en\/wp-json\/wp\/v2\/users\/151"}],"replies":[{"embeddable":true,"href":"https:\/\/fba.ntt.edu.vn\/en\/wp-json\/wp\/v2\/comments?post=12944"}],"version-history":[{"count":13,"href":"https:\/\/fba.ntt.edu.vn\/en\/wp-json\/wp\/v2\/pages\/12944\/revisions"}],"predecessor-version":[{"id":13548,"href":"https:\/\/fba.ntt.edu.vn\/en\/wp-json\/wp\/v2\/pages\/12944\/revisions\/13548"}],"wp:attachment":[{"href":"https:\/\/fba.ntt.edu.vn\/en\/wp-json\/wp\/v2\/media?parent=12944"}],"curies":[{"name":"wp","href":"https:\/\/api.w.org\/{rel}","templated":true}]}}