{"id":12926,"date":"2026-03-18T10:19:59","date_gmt":"2026-03-18T03:19:59","guid":{"rendered":"https:\/\/fba.ntt.edu.vn\/?page_id=12926"},"modified":"2026-03-18T10:19:59","modified_gmt":"2026-03-18T03:19:59","slug":"academics","status":"publish","type":"page","link":"https:\/\/fba.ntt.edu.vn\/en\/academics\/","title":{"rendered":"Academics"},"content":{"rendered":"<section class=\"section pb-0\" id=\"section_279434073\">\n\t\t<div class=\"bg section-bg fill bg-fill\" >\n\n\t\t\t\n\t\t\t\n\t\t\t\n\n\t\t<\/div>\n\n\t\t<div class=\"section-content relative\">\n\t\t\t\n<div class=\"row row-small\"  id=\"row-2003903329\">\n\n\t<div id=\"col-1330019355\" class=\"col pb-0 mh-col-intro-title medium-12 small-12 large-12\"  >\n\t\t\t\t<div class=\"col-inner dark\"  >\n\t\t\t\n\t\t\t\n\t<div id=\"gap-706458267\" class=\"gap-element clearfix\" style=\"display:block; height:auto;\">\n\t\t\n<style>\n#gap-706458267 {\n  padding-top: 15px;\n}\n@media (min-width:850px) {\n  #gap-706458267 {\n    padding-top: 30px;\n  }\n}\n<\/style>\n\t<\/div>\n\t\n\t<div id=\"text-884112031\" class=\"text mh-title-box\">\n\t\t\n<h1>Ch\u01b0\u01a1ng tr\u00ecnh \u0111\u00e0o t\u1ea1o<\/h1>\n\t\t\t<\/div>\n\t\n<div class=\"is-divider divider clearfix\" style=\"margin-top:0.8em;margin-bottom:0.8em;max-width:170px;background-color:rgb(255, 255, 255);\"><\/div>\n\t<div id=\"gap-1476955001\" class=\"gap-element clearfix hidden\" style=\"display:block; height:auto;\">\n\t\t\n<style>\n#gap-1476955001 {\n  padding-top: 15px;\n}\n@media (min-width:850px) {\n  #gap-1476955001 {\n    padding-top: 40px;\n  }\n}\n<\/style>\n\t<\/div>\n\t\n<h1>Khoa Qu\u1ea3n tr\u1ecb kinh doanh \u0111\u00e0o t\u1ea1o 6 ng\u00e0nh ch\u00ednh:<\/h1>\n\t<div id=\"gap-2073579880\" class=\"gap-element clearfix\" style=\"display:block; height:auto;\">\n\t\t\n<style>\n#gap-2073579880 {\n  padding-top: 15px;\n}\n@media (min-width:850px) {\n  #gap-2073579880 {\n    padding-top: 10px;\n  }\n}\n<\/style>\n\t<\/div>\n\t\n\t<div class=\"ux-menu stack stack-col justify-start list-training\">\n\t\t\n\t<div class=\"ux-menu-link flex menu-item hidden\">\n\t\t<a class=\"ux-menu-link__link flex\" href=\"https:\/\/fba.ntt.edu.vn\/en\/\"  >\n\t\t\t\t\t\t<span class=\"ux-menu-link__text\">\n\t\t\t\tBusiness administration\t\t\t<\/span>\n\t\t<\/a>\n\t<\/div>\n\t\n\t<div class=\"ux-menu-link flex menu-item hidden\">\n\t\t<a class=\"ux-menu-link__link flex\" href=\"https:\/\/fba.ntt.edu.vn\/en\/\"  >\n\t\t\t\t\t\t<span class=\"ux-menu-link__text\">\n\t\t\t\tQu\u1ea3n tr\u1ecb ngu\u1ed3n nh\u00e2n l\u1ef1c\t\t\t<\/span>\n\t\t<\/a>\n\t<\/div>\n\t\n\t<div class=\"ux-menu-link flex menu-item hidden\">\n\t\t<a class=\"ux-menu-link__link flex\" href=\"https:\/\/fba.ntt.edu.vn\/en\/\"  >\n\t\t\t\t\t\t<span class=\"ux-menu-link__text\">\n\t\t\t\tQu\u1ea3n tr\u1ecb Marketing\t\t\t<\/span>\n\t\t<\/a>\n\t<\/div>\n\t\n\t<div class=\"ux-menu-link flex menu-item hidden\">\n\t\t<a class=\"ux-menu-link__link flex\" href=\"https:\/\/fba.ntt.edu.vn\/en\/\"  >\n\t\t\t\t\t\t<span class=\"ux-menu-link__text\">\n\t\t\t\tKinh doanh qu\u1ed1c t\u1ebf\t\t\t<\/span>\n\t\t<\/a>\n\t<\/div>\n\t\n\t<div class=\"ux-menu-link flex menu-item hidden\">\n\t\t<a class=\"ux-menu-link__link flex\" href=\"https:\/\/fba.ntt.edu.vn\/en\/\"  >\n\t\t\t\t\t\t<span class=\"ux-menu-link__text\">\n\t\t\t\tQu\u1ea3n tr\u1ecb Logistic v\u00e0 chu\u1ed7i cung \u1ee9ng\t\t\t<\/span>\n\t\t<\/a>\n\t<\/div>\n\t\n\t<div class=\"ux-menu-link flex menu-item hidden\">\n\t\t<a class=\"ux-menu-link__link flex\" href=\"https:\/\/fba.ntt.edu.vn\/en\/\"  >\n\t\t\t\t\t\t<span class=\"ux-menu-link__text\">\n\t\t\t\tE-commerce\t\t\t<\/span>\n\t\t<\/a>\n\t<\/div>\n\t\n\t<\/div>\n\t\n\t\t<\/div>\n\t\t\t\t\t<\/div>\n\n\t\n<\/div>\n\t<div id=\"gap-726043221\" class=\"gap-element clearfix hidden\" style=\"display:block; height:auto;\">\n\t\t\n<style>\n#gap-726043221 {\n  padding-top: 25px;\n}\n@media (min-width:550px) {\n  #gap-726043221 {\n    padding-top: 40px;\n  }\n}\n@media (min-width:850px) {\n  #gap-726043221 {\n    padding-top: 80px;\n  }\n}\n<\/style>\n\t<\/div>\n\t\n\t\t<\/div>\n\n\t\t\n<style>\n#section_279434073 {\n  padding-top: 40px;\n  padding-bottom: 40px;\n}\n#section_279434073 .section-bg.bg-loaded {\n  background-image: url(https:\/\/fba.ntt.edu.vn\/wp-content\/uploads\/2021\/08\/cover-banner.jpg);\n}\n@media (min-width:550px) {\n  #section_279434073 {\n    padding-top: 50px;\n    padding-bottom: 50px;\n  }\n}\n@media (min-width:850px) {\n  #section_279434073 {\n    padding-top: 70px;\n    padding-bottom: 70px;\n  }\n}\n<\/style>\n\t<\/section>\n\t\n\t<section class=\"section pb-0\" id=\"section_1412648963\">\n\t\t<div class=\"bg section-bg fill bg-fill\" >\n\n\t\t\t\n\t\t\t\n\t\t\t\n\n\t\t<\/div>\n\n\t\t<div class=\"section-content relative\">\n\t\t\t\n<div class=\"row align-equal align-center\"  id=\"row-1588259830\">\n\n\t<div id=\"col-577599896\" class=\"col pb-0 medium-12 small-12 large-12\"  >\n\t\t\t\t<div class=\"col-inner\"  >\n\t\t\t\n\t\t\t\n\t<div class=\"ux-menu stack stack-col justify-start nav-breadcrumbs hidden\">\n\t\t\n\t<\/div>\n\t\n\t<div id=\"gap-222652546\" class=\"gap-element clearfix hidden\" style=\"display:block; height:auto;\">\n\t\t\n<style>\n#gap-222652546 {\n  padding-top: 15px;\n}\n@media (min-width:850px) {\n  #gap-222652546 {\n    padding-top: 45px;\n  }\n}\n<\/style>\n\t<\/div>\n\t\n\t<div id=\"text-3552431760\" class=\"text mh-title-box\">\n\t\t\n<h4>Chuy\u00ean ng\u00e0nh \u0111\u00e0o t\u1ea1o<\/h4>\n\t\t\t<\/div>\n\t\n\t\t<\/div>\n\t\t\t\t\n<style>\n#col-577599896 > .col-inner {\n  padding: 0px 0px 30px 0px;\n}\n@media (min-width:850px) {\n  #col-577599896 > .col-inner {\n    padding: 0px 0px 70px 0px;\n  }\n}\n<\/style>\n\t<\/div>\n\n\t\n\n\t<div id=\"col-1729225937\" class=\"col medium-6 small-12 large-4\"  >\n\t\t\t\t<div class=\"col-inner\" style=\"background-color:rgb(255, 255, 255);\" >\n\t\t\t\n\t<div class=\"is-border\"\n\t\tstyle=\"border-color:rgb(0, 82, 156);border-width:0px 0px 5px 0px;\">\n\t<\/div>\n\t\t\t\n\n\t<a class=\"plain\" href=\"https:\/\/fba.ntt.edu.vn\/en\/kinh-te-so\/\" target=\"_blank\" rel=\"noopener noreferrer\" >\t<div class=\"icon-box featured-box mh-icon-training icon-box-center text-center\"  >\n\t\t\t\t<div class=\"icon-box-text last-reset\">\n\t\t\t<h5 class=\"uppercase\">Digital Economics<\/h5>\t\t\t\t\t\t\n\t<div id=\"text-3717659014\" class=\"text\">\n\t\t\n\t\t\n<style>\n#text-3717659014 {\n  text-align: left;\n}\n<\/style>\n\t<\/div>\n\t\n\t\t<\/div>\n\t<\/div>\n\t<\/a>\n\t\n\t\t<\/div>\n\t\t\t\t\n<style>\n#col-1729225937 > .col-inner {\n  padding: 30px 20px 30px 20px;\n}\n@media (min-width:550px) {\n  #col-1729225937 > .col-inner {\n    padding: 30px 30px 30px 30px;\n  }\n}\n<\/style>\n\t<\/div>\n\n\t\n\n\t<div id=\"col-1480926202\" class=\"col medium-6 small-12 large-4\"  >\n\t\t\t\t<div class=\"col-inner\" style=\"background-color:rgb(255, 255, 255);\" >\n\t\t\t\n\t<div class=\"is-border\"\n\t\tstyle=\"border-color:rgb(0, 82, 156);border-width:0px 0px 5px 0px;\">\n\t<\/div>\n\t\t\t\n\n\t<a class=\"plain\" href=\"http:\/\/fba.ntt.edu.vn\/en\/quan-tri-kinh-doanh\/\" target=\"_blank\" rel=\"noopener noreferrer\" >\t<div class=\"icon-box featured-box mh-icon-training icon-box-center text-center\"  >\n\t\t\t\t<div class=\"icon-box-text last-reset\">\n\t\t\t<h5 class=\"uppercase\">Business administration<\/h5>\t\t\t\t\t\t\n\t<div id=\"text-284555812\" class=\"text\">\n\t\t\n\t\t\n<style>\n#text-284555812 {\n  text-align: left;\n}\n<\/style>\n\t<\/div>\n\t\n\t\t<\/div>\n\t<\/div>\n\t<\/a>\n\t\n\t\t<\/div>\n\t\t\t\t\n<style>\n#col-1480926202 > .col-inner {\n  padding: 30px 20px 30px 20px;\n}\n@media (min-width:550px) {\n  #col-1480926202 > .col-inner {\n    padding: 30px 30px 30px 30px;\n  }\n}\n<\/style>\n\t<\/div>\n\n\t\n\n\t<div id=\"col-1166387073\" class=\"col medium-6 small-12 large-4\"  >\n\t\t\t\t<div class=\"col-inner\" style=\"background-color:rgb(255, 255, 255);\" >\n\t\t\t\n\t<div class=\"is-border\"\n\t\tstyle=\"border-color:rgb(0, 82, 156);border-width:0px 0px 5px 0px;\">\n\t<\/div>\n\t\t\t\n\n\t<a class=\"plain\" href=\"http:\/\/fba.ntt.edu.vn\/en\/quan-tri-nhan-luc\/\" target=\"_blank\" rel=\"noopener noreferrer\" >\t<div class=\"icon-box featured-box mh-icon-training icon-box-center text-center\"  >\n\t\t\t\t<div class=\"icon-box-text last-reset\">\n\t\t\t<h5 class=\"uppercase\">Human resource management<\/h5>\t\t\t\t\t\t\n\t<div id=\"text-2239017177\" class=\"text\">\n\t\t\n\t\t\n<style>\n#text-2239017177 {\n  text-align: left;\n}\n<\/style>\n\t<\/div>\n\t\n\t\t<\/div>\n\t<\/div>\n\t<\/a>\n\t\n\t\t<\/div>\n\t\t\t\t\n<style>\n#col-1166387073 > .col-inner {\n  padding: 30px 20px 30px 20px;\n}\n@media (min-width:550px) {\n  #col-1166387073 > .col-inner {\n    padding: 30px 30px 30px 30px;\n  }\n}\n<\/style>\n\t<\/div>\n\n\t\n\n\t<div id=\"col-1372506498\" class=\"col medium-6 small-12 large-4\"  >\n\t\t\t\t<div class=\"col-inner\" style=\"background-color:rgb(255, 255, 255);\" >\n\t\t\t\n\t<div class=\"is-border\"\n\t\tstyle=\"border-color:rgb(0, 82, 156);border-width:0px 0px 5px 0px;\">\n\t<\/div>\n\t\t\t\n\n\t<a class=\"plain\" href=\"http:\/\/fba.ntt.edu.vn\/en\/marketing\/\" target=\"_blank\" rel=\"noopener noreferrer\" >\t<div class=\"icon-box featured-box mh-icon-training icon-box-center text-center\"  >\n\t\t\t\t<div class=\"icon-box-text last-reset\">\n\t\t\t<h5 class=\"uppercase\">Marketing<\/h5>\t\t\t\t\t\t\n\t<div id=\"text-2667735571\" class=\"text\">\n\t\t\n\t\t\n<style>\n#text-2667735571 {\n  text-align: left;\n}\n<\/style>\n\t<\/div>\n\t\n\t\t<\/div>\n\t<\/div>\n\t<\/a>\n\t\n\t\t<\/div>\n\t\t\t\t\n<style>\n#col-1372506498 > .col-inner {\n  padding: 30px 20px 30px 20px;\n}\n@media (min-width:550px) {\n  #col-1372506498 > .col-inner {\n    padding: 30px 30px 30px 30px;\n  }\n}\n<\/style>\n\t<\/div>\n\n\t\n\n\t<div id=\"col-1977387571\" class=\"col medium-6 small-12 large-4\"  >\n\t\t\t\t<div class=\"col-inner\" style=\"background-color:rgb(255, 255, 255);\" >\n\t\t\t\n\t<div class=\"is-border\"\n\t\tstyle=\"border-color:rgb(0, 82, 156);border-width:0px 0px 5px 0px;\">\n\t<\/div>\n\t\t\t\n\n\t<a class=\"plain\" href=\"http:\/\/fba.ntt.edu.vn\/en\/kinh-doanh-quoc-te\/\" target=\"_blank\" rel=\"noopener noreferrer\" >\t<div class=\"icon-box featured-box mh-icon-training icon-box-center text-center\"  >\n\t\t\t\t<div class=\"icon-box-text last-reset\">\n\t\t\t<h5 class=\"uppercase\">Kinh doanh qu\u1ed1c t\u1ebf<\/h5>\t\t\t\t\t\t\n\t<div id=\"text-3219946384\" class=\"text\">\n\t\t\n\t\t\n<style>\n#text-3219946384 {\n  text-align: left;\n}\n<\/style>\n\t<\/div>\n\t\n\t\t<\/div>\n\t<\/div>\n\t<\/a>\n\t\n\t\t<\/div>\n\t\t\t\t\n<style>\n#col-1977387571 > .col-inner {\n  padding: 30px 20px 30px 20px;\n}\n@media (min-width:550px) {\n  #col-1977387571 > .col-inner {\n    padding: 30px 30px 30px 30px;\n  }\n}\n<\/style>\n\t<\/div>\n\n\t\n\n\t<div id=\"col-699486388\" class=\"col medium-6 small-12 large-4\"  >\n\t\t\t\t<div class=\"col-inner\" style=\"background-color:rgb(255, 255, 255);\" >\n\t\t\t\n\t<div class=\"is-border\"\n\t\tstyle=\"border-color:rgb(0, 82, 156);border-width:0px 0px 5px 0px;\">\n\t<\/div>\n\t\t\t\n\n\t<a class=\"plain\" href=\"http:\/\/fba.ntt.edu.vn\/en\/logistic-va-quan-ly-chuoi-cung-ung\/\" target=\"_blank\" rel=\"noopener noreferrer\" >\t<div class=\"icon-box featured-box mh-icon-training icon-box-center text-center\"  >\n\t\t\t\t<div class=\"icon-box-text last-reset\">\n\t\t\t<h5 class=\"uppercase\">Logistics and Supply Chain Management<\/h5>\t\t\t\t\t\t\n\t<div id=\"text-598889461\" class=\"text\">\n\t\t\n\t\t\n<style>\n#text-598889461 {\n  text-align: left;\n}\n<\/style>\n\t<\/div>\n\t\n\t\t<\/div>\n\t<\/div>\n\t<\/a>\n\t\n\t\t<\/div>\n\t\t\t\t\n<style>\n#col-699486388 > .col-inner {\n  padding: 30px 20px 30px 20px;\n}\n@media (min-width:550px) {\n  #col-699486388 > .col-inner {\n    padding: 30px 30px 30px 30px;\n  }\n}\n<\/style>\n\t<\/div>\n\n\t\n\n\t<div id=\"col-1873662244\" class=\"col medium-6 small-12 large-4\"  >\n\t\t\t\t<div class=\"col-inner\" style=\"background-color:rgb(255, 255, 255);\" >\n\t\t\t\n\t<div class=\"is-border\"\n\t\tstyle=\"border-color:rgb(0, 82, 156);border-width:0px 0px 5px 0px;\">\n\t<\/div>\n\t\t\t\n\n\t<a class=\"plain\" href=\"http:\/\/fba.ntt.edu.vn\/en\/thuong-mai-dien-tu\/\" target=\"_blank\" rel=\"noopener noreferrer\" >\t<div class=\"icon-box featured-box mh-icon-training icon-box-center text-center\"  >\n\t\t\t\t<div class=\"icon-box-text last-reset\">\n\t\t\t<h5 class=\"uppercase\">E-commerce<\/h5>\t\t\t\t\t\t\n\t<div id=\"text-62296288\" class=\"text\">\n\t\t\n\t\t\n<style>\n#text-62296288 {\n  text-align: left;\n}\n<\/style>\n\t<\/div>\n\t\n\t\t<\/div>\n\t<\/div>\n\t<\/a>\n\t\n\t\t<\/div>\n\t\t\t\t\n<style>\n#col-1873662244 > .col-inner {\n  padding: 30px 20px 30px 20px;\n}\n@media (min-width:550px) {\n  #col-1873662244 > .col-inner {\n    padding: 30px 30px 30px 30px;\n  }\n}\n<\/style>\n\t<\/div>\n\n\t\n<\/div>\n\t<div id=\"gap-1931781813\" class=\"gap-element clearfix\" style=\"display:block; height:auto;\">\n\t\t\n<style>\n#gap-1931781813 {\n  padding-top: 15px;\n}\n@media (min-width:550px) {\n  #gap-1931781813 {\n    padding-top: 35px;\n  }\n}\n@media (min-width:850px) {\n  #gap-1931781813 {\n    padding-top: 80px;\n  }\n}\n<\/style>\n\t<\/div>\n\t\n\n\n\t<div id=\"gap-269227384\" class=\"gap-element clearfix\" style=\"display:block; height:auto;\">\n\t\t\n<style>\n#gap-269227384 {\n  padding-top: 10px;\n}\n@media (min-width:550px) {\n  #gap-269227384 {\n    padding-top: 25px;\n  }\n}\n@media (min-width:850px) {\n  #gap-269227384 {\n    padding-top: 170px;\n  }\n}\n<\/style>\n\t<\/div>\n\t\n\t\t<\/div>\n\n\t\t\n<style>\n#section_1412648963 {\n  padding-top: 35px;\n  padding-bottom: 35px;\n}\n#section_1412648963 .section-bg.bg-loaded {\n  background-image: url(https:\/\/fba.ntt.edu.vn\/wp-content\/uploads\/2021\/07\/bg-chuyen-nganh-dao-tao.png);\n}\n@media (min-width:550px) {\n  #section_1412648963 {\n    padding-top: 50px;\n    padding-bottom: 50px;\n  }\n}\n@media (min-width:850px) {\n  #section_1412648963 {\n    padding-top: 70px;\n    padding-bottom: 70px;\n  }\n}\n<\/style>\n\t<\/section>","protected":false},"excerpt":{"rendered":"","protected":false},"author":151,"featured_media":0,"parent":0,"menu_order":0,"comment_status":"closed","ping_status":"closed","template":"page-blank.php","meta":{"footnotes":""},"class_list":["post-12926","page","type-page","status-publish","hentry"],"yoast_head":"<!-- This site is optimized with the Yoast SEO plugin v26.6 - https:\/\/yoast.com\/wordpress\/plugins\/seo\/ -->\n<title>Academics - Faculty of Business Administration<\/title>\n<meta name=\"robots\" content=\"index, follow, max-snippet:-1, max-image-preview:large, max-video-preview:-1\" \/>\n<link rel=\"canonical\" href=\"https:\/\/fba.ntt.edu.vn\/en\/academics\/\" \/>\n<meta property=\"og:locale\" content=\"en_US\" \/>\n<meta property=\"og:type\" content=\"article\" \/>\n<meta property=\"og:title\" content=\"Academics - Faculty of Business Administration\" \/>\n<meta property=\"og:url\" content=\"https:\/\/fba.ntt.edu.vn\/en\/academics\/\" \/>\n<meta property=\"og:site_name\" content=\"Faculty of Business Administration\" \/>\n<meta name=\"twitter:card\" content=\"summary_large_image\" \/>\n<meta name=\"twitter:label1\" content=\"Est. reading time\" \/>\n\t<meta name=\"twitter:data1\" content=\"3 minutes\" \/>\n<script type=\"application\/ld+json\" class=\"yoast-schema-graph\">{\"@context\":\"https:\/\/schema.org\",\"@graph\":[{\"@type\":\"WebPage\",\"@id\":\"https:\/\/fba.ntt.edu.vn\/en\/academics\/\",\"url\":\"https:\/\/fba.ntt.edu.vn\/en\/academics\/\",\"name\":\"Academics - Faculty of Business Administration\",\"isPartOf\":{\"@id\":\"https:\/\/fba.ntt.edu.vn\/en\/#website\"},\"datePublished\":\"2026-03-18T03:19:59+00:00\",\"breadcrumb\":{\"@id\":\"https:\/\/fba.ntt.edu.vn\/en\/academics\/#breadcrumb\"},\"inLanguage\":\"en-US\",\"potentialAction\":[{\"@type\":\"ReadAction\",\"target\":[\"https:\/\/fba.ntt.edu.vn\/en\/academics\/\"]}]},{\"@type\":\"BreadcrumbList\",\"@id\":\"https:\/\/fba.ntt.edu.vn\/en\/academics\/#breadcrumb\",\"itemListElement\":[{\"@type\":\"ListItem\",\"position\":1,\"name\":\"Home\",\"item\":\"https:\/\/fba.ntt.edu.vn\/en\/trang-chu-english\/\"},{\"@type\":\"ListItem\",\"position\":2,\"name\":\"Academics\"}]},{\"@type\":\"WebSite\",\"@id\":\"https:\/\/fba.ntt.edu.vn\/en\/#website\",\"url\":\"https:\/\/fba.ntt.edu.vn\/en\/\",\"name\":\"Faculty of Business Administration\",\"description\":\"\",\"potentialAction\":[{\"@type\":\"SearchAction\",\"target\":{\"@type\":\"EntryPoint\",\"urlTemplate\":\"https:\/\/fba.ntt.edu.vn\/en\/?s={search_term_string}\"},\"query-input\":{\"@type\":\"PropertyValueSpecification\",\"valueRequired\":true,\"valueName\":\"search_term_string\"}}],\"inLanguage\":\"en-US\"}]}<\/script>\n<!-- \/ Yoast SEO plugin. -->","yoast_head_json":{"title":"Academics - Faculty of Business Administration","robots":{"index":"index","follow":"follow","max-snippet":"max-snippet:-1","max-image-preview":"max-image-preview:large","max-video-preview":"max-video-preview:-1"},"canonical":"https:\/\/fba.ntt.edu.vn\/en\/academics\/","og_locale":"en_US","og_type":"article","og_title":"Academics - Faculty of Business Administration","og_url":"https:\/\/fba.ntt.edu.vn\/en\/academics\/","og_site_name":"Faculty of Business Administration","twitter_card":"summary_large_image","twitter_misc":{"Est. reading time":"3 minutes"},"schema":{"@context":"https:\/\/schema.org","@graph":[{"@type":"WebPage","@id":"https:\/\/fba.ntt.edu.vn\/en\/academics\/","url":"https:\/\/fba.ntt.edu.vn\/en\/academics\/","name":"Academics - Faculty of Business Administration","isPartOf":{"@id":"https:\/\/fba.ntt.edu.vn\/en\/#website"},"datePublished":"2026-03-18T03:19:59+00:00","breadcrumb":{"@id":"https:\/\/fba.ntt.edu.vn\/en\/academics\/#breadcrumb"},"inLanguage":"en-US","potentialAction":[{"@type":"ReadAction","target":["https:\/\/fba.ntt.edu.vn\/en\/academics\/"]}]},{"@type":"BreadcrumbList","@id":"https:\/\/fba.ntt.edu.vn\/en\/academics\/#breadcrumb","itemListElement":[{"@type":"ListItem","position":1,"name":"Home","item":"https:\/\/fba.ntt.edu.vn\/en\/trang-chu-english\/"},{"@type":"ListItem","position":2,"name":"Academics"}]},{"@type":"WebSite","@id":"https:\/\/fba.ntt.edu.vn\/en\/#website","url":"https:\/\/fba.ntt.edu.vn\/en\/","name":"Faculty of Business Administration","description":"","potentialAction":[{"@type":"SearchAction","target":{"@type":"EntryPoint","urlTemplate":"https:\/\/fba.ntt.edu.vn\/en\/?s={search_term_string}"},"query-input":{"@type":"PropertyValueSpecification","valueRequired":true,"valueName":"search_term_string"}}],"inLanguage":"en-US"}]}},"_links":{"self":[{"href":"https:\/\/fba.ntt.edu.vn\/en\/wp-json\/wp\/v2\/pages\/12926","targetHints":{"allow":["GET"]}}],"collection":[{"href":"https:\/\/fba.ntt.edu.vn\/en\/wp-json\/wp\/v2\/pages"}],"about":[{"href":"https:\/\/fba.ntt.edu.vn\/en\/wp-json\/wp\/v2\/types\/page"}],"author":[{"embeddable":true,"href":"https:\/\/fba.ntt.edu.vn\/en\/wp-json\/wp\/v2\/users\/151"}],"replies":[{"embeddable":true,"href":"https:\/\/fba.ntt.edu.vn\/en\/wp-json\/wp\/v2\/comments?post=12926"}],"version-history":[{"count":1,"href":"https:\/\/fba.ntt.edu.vn\/en\/wp-json\/wp\/v2\/pages\/12926\/revisions"}],"predecessor-version":[{"id":12927,"href":"https:\/\/fba.ntt.edu.vn\/en\/wp-json\/wp\/v2\/pages\/12926\/revisions\/12927"}],"wp:attachment":[{"href":"https:\/\/fba.ntt.edu.vn\/en\/wp-json\/wp\/v2\/media?parent=12926"}],"curies":[{"name":"wp","href":"https:\/\/api.w.org\/{rel}","templated":true}]}}